{"id":3302,"date":"2024-01-09T17:46:56","date_gmt":"2024-01-09T16:46:56","guid":{"rendered":"https:\/\/www.elbacampinglido.it\/kontakt\/"},"modified":"2025-01-03T10:35:53","modified_gmt":"2025-01-03T09:35:53","slug":"kontakt","status":"publish","type":"page","link":"https:\/\/www.elbacampinglido.it\/de\/kontakt\/","title":{"rendered":"Kontakt"},"content":{"rendered":"<div class=\"wpb-content-wrapper\">[vc_row full_width=&#8221;stretch_row&#8221; content_placement=&#8221;middle&#8221; css=&#8221;.vc_custom_1709978394501{background-image: url(https:\/\/www.elbacampinglido.it\/wp-content\/uploads\/2024\/03\/sfondo-mare-elba.jpg?id=2659) !important;background-position: center !important;background-repeat: no-repeat !important;background-size: cover !important;}&#8221; el_class=&#8221;min_height_pag_int&#8221;][vc_column width=&#8221;1\/4&#8243;][\/vc_column][vc_column width=&#8221;1\/2&#8243;][vc_column_text color=&#8221;#ffffff&#8221; el_class=&#8221;page-header-title&#8221;]\n<h1 style=\"text-align: center;\">Wie Sie uns kontaktieren und wie Sie uns erreichen k\u00f6nnen<\/h1>\n[\/vc_column_text][\/vc_column][vc_column width=&#8221;1\/4&#8243;][\/vc_column][\/vc_row][vc_row equal_height=&#8221;yes&#8221; el_class=&#8221;mtd120 mtm60&#8243; css=&#8221;.vc_custom_1709555898626{margin-bottom: 35px !important;}&#8221;][vc_column width=&#8221;1\/2&#8243; css=&#8221;.vc_custom_1707168228671{padding-right: 30px !important;padding-left: 30px !important;}&#8221;][vc_column_text css=&#8221;.vc_custom_1706896832793{padding-top: 15px !important;}&#8221; color=&#8221;#4499b8&#8243; text_transform=&#8221;uppercase&#8221;]\n<h2>Information und Buchung<\/h2>\n[\/vc_column_text][vc_column_text el_class=&#8221;mtd40 mtm30&#8243;]Wenn Sie Fragen oder Vorbehalte haben, k\u00f6nnen Sie uns telefonisch kontaktieren oder das untenstehende Formular ausf\u00fcllen. Wir freuen uns darauf, alle Ihre Fragen in k\u00fcrzester Zeit zu beantworten.[\/vc_column_text]<style> style=\"height:20px;\"<\/style><div class=\"vcex-spacing wpex-w-100 wpex-clear\" style=\"height:20px;\"><\/div>[vc_column_text font_size=&#8221;15px&#8221; text_transform=&#8221;uppercase&#8221; color=&#8221;#f9b233&#8243; letter_spacing=&#8221;wide&#8221; font_weight=&#8221;700&#8243;]TELEFON[\/vc_column_text][vc_column_text el_class=&#8221;mtd10 mtm20&#8243;]Tel.: <a href=\"tel:+390565933414\">+39 0565 933414<\/a><br \/>\nMobil: <a href=\"tel:+393514108911\">+39 351 410 8911<\/a>\u00a0[\/vc_column_text]<style> style=\"height:20px;\"<\/style><div class=\"vcex-spacing wpex-w-100 wpex-clear\" style=\"height:20px;\"><\/div>[vc_column_text font_size=&#8221;15px&#8221; text_transform=&#8221;uppercase&#8221; color=&#8221;#f9b233&#8243; letter_spacing=&#8221;wide&#8221; font_weight=&#8221;700&#8243;]EMAIL[\/vc_column_text][vc_column_text el_class=&#8221;mtd20 mtm10&#8243;]E-Mail<strong>:<\/strong> <a href=\"mailto:booking@elbacampinglido.it\">booking@elbacampinglido.it<\/a><br \/>\nE-Mail: <a href=\"mailto:info@elbacampinglido.it\">info@elbacampinglido.it<\/a>[\/vc_column_text]<style> style=\"height:20px;\"<\/style><div class=\"vcex-spacing wpex-w-100 wpex-clear\" style=\"height:20px;\"><\/div>[vc_column_text font_size=&#8221;15px&#8221; text_transform=&#8221;uppercase&#8221; color=&#8221;#f9b233&#8243; letter_spacing=&#8221;wide&#8221; font_weight=&#8221;700&#8243;]ADRESSE[\/vc_column_text][vc_column_text el_class=&#8221;mtd20 mtm10&#8243;]Standort. Lido di Capoliveri, 57031 Capoliveri (LI)[\/vc_column_text][vc_column_text el_class=&#8221;mtd20 mtm10&#8243;]Gps: Lat 42.7603\u00b0 &#8211; Long 10.3561\u00b0.[\/vc_column_text][\/vc_column][vc_column width=&#8221;1\/2&#8243; el_class=&#8221;min_height_foto_pag_int order_1 mtm60&#8243;][vc_column_text css=&#8221;.vc_custom_1706896842356{padding-top: 15px !important;}&#8221; color=&#8221;#4499b8&#8243; text_transform=&#8221;uppercase&#8221;]\n<h2>Wie Sie uns erreichen<\/h2>\n[\/vc_column_text][vc_column_text el_class=&#8221;mtd40 mtm30&#8243;]Unser Campingplatz befindet sich auf der S\u00fcdseite der Insel Elba in Lido di Capoliveri, nur 8 km von Portoferraio und 3 km von Porto Azzurro und Capoliveri entfernt.[\/vc_column_text]<style> style=\"height:20px;\"<\/style><div class=\"vcex-spacing wpex-w-100 wpex-clear\" style=\"height:20px;\"><\/div>[vc_column_text font_size=&#8221;15px&#8221; text_transform=&#8221;uppercase&#8221; color=&#8221;#f9b233&#8243; letter_spacing=&#8221;wide&#8221; font_weight=&#8221;700&#8243;]Wie man den Campingplatz von Portoferraio aus erreicht[\/vc_column_text][vc_column_text el_class=&#8221;mtd20 mtm10&#8243;]Nach dem Verlassen der F\u00e4hre in Portoferraio folgen Sie den Schildern nach Porto Azzurro und biegen nach etwa 9 km am zweiten Schild nach Lido di Capoliveri ab. Halten Sie sich rechts, bis Sie den Strand erreichen. Nach etwa 100 Metern finden Sie den Eingang zum Campingplatz.[\/vc_column_text]<style> style=\"height:20px;\"<\/style><div class=\"vcex-spacing wpex-w-100 wpex-clear\" style=\"height:20px;\"><\/div>[vc_column_text font_size=&#8221;15px&#8221; text_transform=&#8221;uppercase&#8221; color=&#8221;#f9b233&#8243; letter_spacing=&#8221;wide&#8221; font_weight=&#8221;700&#8243;]So erreichen Sie die Insel Elba[\/vc_column_text][vc_column_text el_class=&#8221;mtd20 mtm10&#8243;]Die Insel Elba ist \u00fcber Piombino Marittima zu erreichen, wo vier Reedereien<b>(Toremar<\/b>, <b>Moby<\/b>, <strong>BluNavy<\/strong> und <strong>Corsica Ferries<\/strong>) bequeme F\u00e4hren f\u00fcr mehrt\u00e4gige Fahrten bereitstellen. In nur einer Stunde Fahrzeit kann man die etwa 10 Kilometer, die die Insel vom Festland trennen, zur\u00fccklegen und die H\u00e4fen von Portoferraio (der Haupthafen), Rio Marina (45 Minuten) und Cavo (30 Minuten) erreichen.<br \/>\nAlternativ gibt es eine schnelle Tragfl\u00fcgelbootverbindung, nur f\u00fcr den Personenverkehr, die in nur 35 Minuten zuerst Cavo und dann Portoferraio erreicht.<\/p>\n<p>Die Insel Elba ist w\u00e4hrend der Sommermonate durch <b>verschiedene Fl\u00fcge<\/b> italienischer und ausl\u00e4ndischer Fluggesellschaften mit dem Festland verbunden. Die angeschlossenen Flugh\u00e4fen sind Mailand, Florenz, Pisa, Bologna (I), Lugano (CH).<br \/>\nDer Flughafen befindet sich in La Pila, ca. 13 km von unserem Campingplatz entfernt (www.elba-airport.com).[\/vc_column_text][\/vc_column][\/vc_row][vc_row full_width=&#8221;stretch_row_content_no_spaces&#8221; content_placement=&#8221;middle&#8221; css=&#8221;.vc_custom_1706781036946{background-position: center !important;background-repeat: no-repeat !important;background-size: cover !important;}&#8221; wpex_bg_overlay_blend=&#8221;lighten&#8221;][vc_column][vc_gmaps link=&#8221;#E-8_JTNDaWZyYW1lJTIwc3JjJTNEJTIyaHR0cHMlM0ElMkYlMkZ3d3cuZ29vZ2xlLmNvbSUyRm1hcHMlMkZlbWJlZCUzRnBiJTNEJTIxMW0xOCUyMTFtMTIlMjExbTMlMjExZDI5MjkuMzI3OTUyMzU5NjMlMjEyZDEwLjM1MzYwNjQxMTk1NTk3OCUyMTNkNDIuNzYwMjY5MDA5NjAzMSUyMTJtMyUyMTFmMCUyMTJmMCUyMTNmMCUyMTNtMiUyMTFpMTAyNCUyMTJpNzY4JTIxNGYxMy4xJTIxM20zJTIxMW0yJTIxMXMweDEyZDYzM2E2YWE0MmNkOGIlMjUzQTB4YWZhZjUyNDg4NWZiMDdiMyUyMTJzQ2FtcGluZyUyNTIwTGlkbyUyMTVlMCUyMTNtMiUyMTFzaXQlMjEyc2l0JTIxNHYxNzA5NTU1ODIwOTMzJTIxNW0yJTIxMXNpdCUyMTJzaXQlMjIlMjB3aWR0aCUzRCUyMjYwMCUyMiUyMGhlaWdodCUzRCUyMjUwMCUyMiUyMHN0eWxlJTNEJTIyYm9yZGVyJTNBMCUzQiUyMiUyMGFsbG93ZnVsbHNjcmVlbiUzRCUyMiUyMiUyMGxvYWRpbmclM0QlMjJsYXp5JTIyJTIwcmVmZXJyZXJwb2xpY3klM0QlMjJuby1yZWZlcnJlci13aGVuLWRvd25ncmFkZSUyMiUzRSUzQyUyRmlmcmFtZSUzRQ==&#8221;][\/vc_column][\/vc_row]\n<\/div>","protected":false},"excerpt":{"rendered":"<p>[vc_row full_width=&#8221;stretch_row&#8221; content_placement=&#8221;middle&#8221; css=&#8221;.vc_custom_1709978394501{background-image: url(https:\/\/www.elbacampinglido.it\/wp-content\/uploads\/2024\/03\/sfondo-mare-elba.jpg?id=2659) !important;background-position: center !important;background-repeat: no-repeat !important;background-size: cover !important;}&#8221; el_class=&#8221;min_height_pag_int&#8221;][vc_column width=&#8221;1\/4&#8243;][\/vc_column][vc_column width=&#8221;1\/2&#8243;][vc_column_text color=&#8221;#ffffff&#8221; el_class=&#8221;page-header-title&#8221;] Wie Sie uns kontaktieren und wie Sie uns erreichen k\u00f6nnen [\/vc_column_text][\/vc_column][vc_column width=&#8221;1\/4&#8243;][\/vc_column][\/vc_row][vc_row equal_height=&#8221;yes&#8221; el_class=&#8221;mtd120 mtm60&#8243; css=&#8221;.vc_custom_1709555898626{margin-bottom: 35px !important;}&#8221;][vc_column width=&#8221;1\/2&#8243; css=&#8221;.vc_custom_1707168228671{padding-right: 30px !important;padding-left: 30px !important;}&#8221;][vc_column_text css=&#8221;.vc_custom_1706896832793{padding-top: 15px !important;}&#8221; color=&#8221;#4499b8&#8243; text_transform=&#8221;uppercase&#8221;] Information und Buchung [\/vc_column_text][vc_column_text el_class=&#8221;mtd40 mtm30&#8243;]Wenn Sie Fragen oder&hellip;<\/p>\n","protected":false},"author":3,"featured_media":0,"parent":0,"menu_order":0,"comment_status":"closed","ping_status":"closed","template":"","meta":{"inline_featured_image":false,"footnotes":""},"class_list":["post-3302","page","type-page","status-publish","hentry","entry","no-media"],"_links":{"self":[{"href":"https:\/\/www.elbacampinglido.it\/de\/wp-json\/wp\/v2\/pages\/3302","targetHints":{"allow":["GET"]}}],"collection":[{"href":"https:\/\/www.elbacampinglido.it\/de\/wp-json\/wp\/v2\/pages"}],"about":[{"href":"https:\/\/www.elbacampinglido.it\/de\/wp-json\/wp\/v2\/types\/page"}],"author":[{"embeddable":true,"href":"https:\/\/www.elbacampinglido.it\/de\/wp-json\/wp\/v2\/users\/3"}],"replies":[{"embeddable":true,"href":"https:\/\/www.elbacampinglido.it\/de\/wp-json\/wp\/v2\/comments?post=3302"}],"version-history":[{"count":5,"href":"https:\/\/www.elbacampinglido.it\/de\/wp-json\/wp\/v2\/pages\/3302\/revisions"}],"predecessor-version":[{"id":4468,"href":"https:\/\/www.elbacampinglido.it\/de\/wp-json\/wp\/v2\/pages\/3302\/revisions\/4468"}],"wp:attachment":[{"href":"https:\/\/www.elbacampinglido.it\/de\/wp-json\/wp\/v2\/media?parent=3302"}],"curies":[{"name":"wp","href":"https:\/\/api.w.org\/{rel}","templated":true}]}}