{"id":3320,"date":"2024-02-06T12:35:16","date_gmt":"2024-02-06T11:35:16","guid":{"rendered":"https:\/\/www.elbacampinglido.it\/mini-club\/"},"modified":"2025-01-13T10:31:56","modified_gmt":"2025-01-13T09:31:56","slug":"mini-club-fur-kinder-urlaub","status":"publish","type":"page","link":"https:\/\/www.elbacampinglido.it\/de\/mini-club-fur-kinder-urlaub\/","title":{"rendered":"Mini-Club"},"content":{"rendered":"<div class=\"wpb-content-wrapper\">[vc_row full_width=&#8221;stretch_row&#8221; content_placement=&#8221;middle&#8221; css=&#8221;.vc_custom_1709917966639{background-image: url(https:\/\/www.elbacampinglido.it\/wp-content\/uploads\/2024\/03\/header-animazione-mare.jpg?id=2712) !important;background-position: center !important;background-repeat: no-repeat !important;background-size: cover !important;}&#8221; el_class=&#8221;min_height_pag_int&#8221;][vc_column width=&#8221;1\/4&#8243;][\/vc_column][vc_column width=&#8221;1\/2&#8243;][vc_column_text color=&#8221;#ffffff&#8221; el_class=&#8221;page-header-title&#8221;]\n<h1 style=\"text-align: center;\">Campingplatz mit Miniclub<\/h1>\n[\/vc_column_text][\/vc_column][vc_column width=&#8221;1\/4&#8243;][\/vc_column][\/vc_row][vc_row content_placement=&#8221;middle&#8221; equal_height=&#8221;yes&#8221; el_class=&#8221;mtd120 mtm60&#8243; css=&#8221;.vc_custom_1706898862220{margin-bottom: 30px !important;}&#8221;][vc_column css_animation=&#8221;fadeInLeft&#8221; css=&#8221;.vc_custom_1707214290367{padding-top: 30px !important;padding-right: 30px !important;padding-left: 30px !important;background-position: center !important;background-repeat: no-repeat !important;background-size: contain !important;}&#8221; wpex_bg_position=&#8221;0% 0%&#8221; el_class=&#8221;mtm60&#8243;][vc_row_inner][vc_column_inner width=&#8221;1\/4&#8243;][vc_column_text font_size=&#8221;15px&#8221; text_transform=&#8221;uppercase&#8221; color=&#8221;#f9b233&#8243; letter_spacing=&#8221;wide&#8221; font_weight=&#8221;700&#8243;]Am Strand und auf dem Spielplatz[\/vc_column_text][vc_column_text css=&#8221;.vc_custom_1709285895105{padding-top: 15px !important;}&#8221; color=&#8221;#4499b8&#8243;]\n<h2>Spa\u00df garantiert<\/h2>\n[\/vc_column_text][vc_column_text css=&#8221;.vc_custom_1707236227385{padding-top: 15px !important;}&#8221; color=&#8221;#4499b8&#8243;]\n<hr class=\"blu\" \/>\n[\/vc_column_text][\/vc_column_inner][vc_column_inner width=&#8221;3\/4&#8243;][vc_column_text el_class=&#8221;mtd40 mtm30&#8243;]Im Camping Lido wissen wir, dass das Gl\u00fcck der Kinder der Schl\u00fcssel zu einem unvergesslichen Familienurlaub ist. Deshalb freuen wir uns, Ihnen unseren MiniClub vorzustellen, ein Paradies voller Spa\u00df und Abenteuer f\u00fcr Ihre Kleinen, ideal f\u00fcr Kinder von 3 bis 12 Jahren. Der MiniClub wird von unseren erfahrenen Animateuren von <strong>Groovy Smiles<\/strong> geleitet und bietet ein abwechslungsreiches Programm, das Ihre Kinder in einer sicheren und anregenden Umgebung unterh\u00e4lt.[\/vc_column_text]<div class=\"vcex-spacing wpex-w-100 wpex-clear\"><\/div>[\/vc_column_inner][\/vc_row_inner][\/vc_column][\/vc_row][vc_row content_placement=&#8221;middle&#8221; css=&#8221;.vc_custom_1617090083038{margin-bottom: 50px !important;}&#8221;][vc_column css_animation=&#8221;fadeInLeft&#8221; width=&#8221;1\/2&#8243; css=&#8221;.vc_custom_1708355348391{padding-right: 30px !important;padding-left: 30px !important;}&#8221;][vc_column_text el_class=&#8221;mtd40 mtm30&#8243;]<strong>Im Juli und August<\/strong> kennt der Spa\u00df auf dem Campingplatz Lido keine Grenzen. Die Tage beginnen mit einem L\u00e4cheln, direkt an unserem Strand, wo die Kinder unter der Aufsicht unserer Animateure an Wasserspielen, Sandburgenbau und versteckten Sch\u00e4tzen teilnehmen k\u00f6nnen.<\/p>\n<p>Am Nachmittag geht das Abenteuer auf dem Spielplatz weiter, wo sich der MiniClub in eine <strong>Open-Air-Kreativwerkstatt<\/strong> verwandelt. Hier haben die Kinder die M\u00f6glichkeit, ihre Kreativit\u00e4t in verschiedenen thematischen Workshops zum Ausdruck zu bringen: vom <strong>Malen<\/strong> bis zum <strong>Zeichnen<\/strong>, von der<strong> k\u00fcnstlerischen Gestaltung<\/strong> bis zu <strong>Gruppenspielen<\/strong>. Jede Aktivit\u00e4t ist so konzipiert, dass sie die Fantasie anregt und die Teamarbeit in einem spielerischen und p\u00e4dagogischen Kontext f\u00f6rdert.[\/vc_column_text]<style> style=\"height:50px;\"<\/style><div class=\"vcex-spacing wpex-w-100 wpex-clear\" style=\"height:50px;\"><\/div>[\/vc_column][vc_column css_animation=&#8221;fadeInRight&#8221; video_bg_zoom=&#8221;false&#8221; video_bg_center=&#8221;true&#8221; width=&#8221;1\/2&#8243; video_bg=&#8221;self_hosted&#8221; video_bg_mp4=&#8221;https:\/\/www.elbacampinglido.it\/wp-content\/uploads\/2024\/03\/Animazione-Camping-Village-Lido-Capoliveri.mp4&#8243; css=&#8221;.vc_custom_1709915574232{padding-top: 150px !important;padding-bottom: 150px !important;}&#8221;][\/vc_column][\/vc_row][vc_row full_width=&#8221;stretch_row_content_no_spaces&#8221; content_placement=&#8221;middle&#8221; css=&#8221;.vc_custom_1706781036946{background-position: center !important;background-repeat: no-repeat !important;background-size: cover !important;}&#8221; wpex_bg_overlay_blend=&#8221;lighten&#8221;][vc_column]<style> style=\"height:50px;\"<\/style><div class=\"vcex-spacing wpex-w-100 wpex-clear\" style=\"height:50px;\"><\/div><div class=\"vcex-module wpex-alert wpex-alert-info\"><h4 style=\"text-align: center\">Mini Club (8. Juni &#8211; 31. August): Mini Club f\u00fcr Kinder<\/h4>\n<\/div>[\/vc_column][\/vc_row][vc_row full_width=&#8221;stretch_row_content_no_spaces&#8221; content_placement=&#8221;middle&#8221; css=&#8221;.vc_custom_1706781036946{background-position: center !important;background-repeat: no-repeat !important;background-size: cover !important;}&#8221; wpex_bg_overlay_blend=&#8221;lighten&#8221;][vc_column]<style> style=\"height:50px;\"<\/style><div class=\"vcex-spacing wpex-w-100 wpex-clear\" style=\"height:50px;\"><\/div><style class=\"vcex-carousel-preload-css\">.vcex_69f376a4d751a{--wpex-carousel-gap:0px;}.vcex_69f376a4d751a{--wpex-carousel-columns:1;}.vcex_69f376a4d751a.wpex-carousel:not(.owl-loaded) > *:not(:nth-child(1n+2)) {display: flex !important;}@media only screen and (min-width: 480px) {.vcex_69f376a4d751a{--wpex-carousel-columns:2;}.vcex_69f376a4d751a.wpex-carousel:not(.owl-loaded) > *:not(:nth-child(1n+3)) {display: flex !important;}}@media only screen and (min-width: 768px) {.vcex_69f376a4d751a{--wpex-carousel-columns:3;}.vcex_69f376a4d751a.wpex-carousel:not(.owl-loaded) > *:not(:nth-child(1n+4)) {display: flex !important;}}@media only screen and (min-width: 960px) {.vcex_69f376a4d751a{--wpex-carousel-columns:4;}.vcex_69f376a4d751a.wpex-carousel:not(.owl-loaded) > *:not(:nth-child(1n+5)) {display: flex !important;}}<\/style><div class=\"vcex-module wpex-carousel wpex-carousel-images wpex-clr owl-carousel wpex-carousel--render-onload vcex_69f376a4d751a arrwstyle-min arrwpos-right\" data-wpex-carousel=\"{&quot;autoplay&quot;:&quot;true&quot;,&quot;margin&quot;:0,&quot;responsive&quot;:{&quot;0&quot;:{&quot;items&quot;:&quot;1&quot;},&quot;480&quot;:{&quot;items&quot;:&quot;2&quot;},&quot;768&quot;:{&quot;items&quot;:&quot;3&quot;},&quot;960&quot;:{&quot;items&quot;:&quot;4&quot;}}}\"><div class=\"wpex-carousel-slide\"><figure class=\"wpex-carousel-entry-media entry-media\"><img width=\"1200\" height=\"800\" src=\"https:\/\/www.elbacampinglido.it\/wp-content\/uploads\/2024\/03\/campeggio-bambini-isola-elba.jpg\" class=\"wpex-align-middle skip-lazy\" alt=\"Camping Animazione Isola d&#039;Elba\" data-no-lazy=\"1\" srcset=\"https:\/\/www.elbacampinglido.it\/wp-content\/uploads\/2024\/03\/campeggio-bambini-isola-elba.jpg 1200w, https:\/\/www.elbacampinglido.it\/wp-content\/uploads\/2024\/03\/campeggio-bambini-isola-elba-300x200.jpg 300w, https:\/\/www.elbacampinglido.it\/wp-content\/uploads\/2024\/03\/campeggio-bambini-isola-elba-1024x683.jpg 1024w, https:\/\/www.elbacampinglido.it\/wp-content\/uploads\/2024\/03\/campeggio-bambini-isola-elba-768x512.jpg 768w\" sizes=\"(max-width: 1200px) 100vw, 1200px\" \/><\/figure><\/div><div class=\"wpex-carousel-slide\"><figure class=\"wpex-carousel-entry-media entry-media\"><img width=\"1200\" height=\"800\" src=\"https:\/\/www.elbacampinglido.it\/wp-content\/uploads\/2024\/03\/camping-animazione-elba.jpg\" class=\"wpex-align-middle skip-lazy\" alt=\"Camping Animazione Isola d&#039;Elba\" data-no-lazy=\"1\" srcset=\"https:\/\/www.elbacampinglido.it\/wp-content\/uploads\/2024\/03\/camping-animazione-elba.jpg 1200w, https:\/\/www.elbacampinglido.it\/wp-content\/uploads\/2024\/03\/camping-animazione-elba-300x200.jpg 300w, https:\/\/www.elbacampinglido.it\/wp-content\/uploads\/2024\/03\/camping-animazione-elba-1024x683.jpg 1024w, https:\/\/www.elbacampinglido.it\/wp-content\/uploads\/2024\/03\/camping-animazione-elba-768x512.jpg 768w\" sizes=\"(max-width: 1200px) 100vw, 1200px\" \/><\/figure><\/div><div class=\"wpex-carousel-slide\"><figure class=\"wpex-carousel-entry-media entry-media\"><img width=\"1200\" height=\"800\" src=\"https:\/\/www.elbacampinglido.it\/wp-content\/uploads\/2024\/03\/animazione-turistica-1.jpg\" class=\"wpex-align-middle skip-lazy\" alt=\"\" data-no-lazy=\"1\" srcset=\"https:\/\/www.elbacampinglido.it\/wp-content\/uploads\/2024\/03\/animazione-turistica-1.jpg 1200w, https:\/\/www.elbacampinglido.it\/wp-content\/uploads\/2024\/03\/animazione-turistica-1-300x200.jpg 300w, https:\/\/www.elbacampinglido.it\/wp-content\/uploads\/2024\/03\/animazione-turistica-1-1024x683.jpg 1024w, https:\/\/www.elbacampinglido.it\/wp-content\/uploads\/2024\/03\/animazione-turistica-1-768x512.jpg 768w\" sizes=\"(max-width: 1200px) 100vw, 1200px\" \/><\/figure><\/div><div class=\"wpex-carousel-slide\"><figure class=\"wpex-carousel-entry-media entry-media\"><img width=\"1200\" height=\"800\" src=\"https:\/\/www.elbacampinglido.it\/wp-content\/uploads\/2024\/03\/animazione-turistica-02.jpg\" class=\"wpex-align-middle skip-lazy\" alt=\"\" data-no-lazy=\"1\" srcset=\"https:\/\/www.elbacampinglido.it\/wp-content\/uploads\/2024\/03\/animazione-turistica-02.jpg 1200w, https:\/\/www.elbacampinglido.it\/wp-content\/uploads\/2024\/03\/animazione-turistica-02-300x200.jpg 300w, https:\/\/www.elbacampinglido.it\/wp-content\/uploads\/2024\/03\/animazione-turistica-02-1024x683.jpg 1024w, https:\/\/www.elbacampinglido.it\/wp-content\/uploads\/2024\/03\/animazione-turistica-02-768x512.jpg 768w\" sizes=\"(max-width: 1200px) 100vw, 1200px\" \/><\/figure><\/div><div class=\"wpex-carousel-slide\"><figure class=\"wpex-carousel-entry-media entry-media\"><img width=\"1200\" height=\"800\" src=\"https:\/\/www.elbacampinglido.it\/wp-content\/uploads\/2024\/03\/animazione-turistica-03.jpg\" class=\"wpex-align-middle skip-lazy\" alt=\"Family Camping Elba\" data-no-lazy=\"1\" srcset=\"https:\/\/www.elbacampinglido.it\/wp-content\/uploads\/2024\/03\/animazione-turistica-03.jpg 1200w, https:\/\/www.elbacampinglido.it\/wp-content\/uploads\/2024\/03\/animazione-turistica-03-300x200.jpg 300w, https:\/\/www.elbacampinglido.it\/wp-content\/uploads\/2024\/03\/animazione-turistica-03-1024x683.jpg 1024w, https:\/\/www.elbacampinglido.it\/wp-content\/uploads\/2024\/03\/animazione-turistica-03-768x512.jpg 768w\" sizes=\"(max-width: 1200px) 100vw, 1200px\" \/><\/figure><\/div><\/div>[\/vc_column][\/vc_row][vc_row gap=&#8221;35&#8243; rtl_reverse=&#8221;yes&#8221;][vc_column css_animation=&#8221;fadeInLeft&#8221; parallax=&#8221;content-moving&#8221; parallax_image=&#8221;3255&#8243; width=&#8221;1\/2&#8243; css=&#8221;.vc_custom_1709915693685{padding-top: 260px !important;padding-bottom: 260px !important;background-image: url(https:\/\/www.elbacampinglido.it\/wp-content\/uploads\/2024\/03\/animazione-camping-elba.jpg?id=2678) !important;}&#8221; wpex_bg_overlay=&#8221;color&#8221; wpex_bg_overlay_color=&#8221;#000000&#8243; wpex_bg_overlay_opacity=&#8221;40%&#8221;][vc_column_text el_class=&#8221;mtd40 mtm30&#8243; color=&#8221;#ffffff&#8221; font_weight=&#8221;bold&#8221;]\n<div class=\"one_half\">\n<h2 style=\"text-align: center;\">Sommer des L\u00e4chelns:<br \/>\nWerden Sie Mitglied im Camping Lido MiniClub<\/h2>\n<\/div>\n[\/vc_column_text][vc_column_text el_class=&#8221;mtd40 mtm30&#8243; color=&#8221;#ffffff&#8221; font_weight=&#8221;bold&#8221;]\n<div class=\"one_half\">\n<h4 style=\"text-align: center;\"><a href=\"#preventivo\">Angebot anfordern<\/a><\/h4>\n<\/div>\n[\/vc_column_text][\/vc_column][vc_column css_animation=&#8221;fadeInRight&#8221; width=&#8221;1\/2&#8243;][vc_column_text el_class=&#8221;mtd40 mtm30&#8243; color=&#8221;#344a53&#8243; font_weight=&#8221;bold&#8221;]\n<h2 style=\"text-align: center;\">Sicherheit und Gelassenheit: Unsere Priorit\u00e4t<\/h2>\n[\/vc_column_text]<div class=\"vcex-spacing wpex-w-100 wpex-clear\"><\/div>[vc_column_text el_class=&#8221;nd_options_text_align_center_responsive_important&#8221; css=&#8221;.vc_custom_1709286033686{padding-right: 30px !important;padding-left: 30px !important;}&#8221;]Die Sicherheit Ihrer Kinder hat f\u00fcr uns oberste Priorit\u00e4t. Alle MiniClub-Aktivit\u00e4ten werden von professionellen und qualifizierten Animateuren beaufsichtigt, die aufgrund ihrer Erfahrung mit Kindern und ihrer F\u00e4higkeit, eine sichere, einladende und anregende Umgebung zu schaffen, ausgew\u00e4hlt wurden. Das Verh\u00e4ltnis zwischen Erwachsenen und Kindern wird niedrig gehalten, um sicherzustellen, dass jedes Kind die Aufmerksamkeit erh\u00e4lt, die es braucht. So k\u00f6nnen Sie sich entspannen und Ihren Urlaub in der Gewissheit genie\u00dfen, dass Ihre Kinder in guten H\u00e4nden sind.[\/vc_column_text][vc_column_text el_class=&#8221;mtd40 mtm30&#8243; color=&#8221;#344a53&#8243; font_weight=&#8221;bold&#8221;]\n<h2 style=\"text-align: center;\">Erleben Sie mit uns einen unvergesslichen Urlaub<\/h2>\n[\/vc_column_text]<div class=\"vcex-spacing wpex-w-100 wpex-clear\"><\/div>[vc_column_text el_class=&#8221;nd_options_text_align_center_responsive_important&#8221; css=&#8221;.vc_custom_1709286062668{padding-right: 30px !important;padding-left: 30px !important;}&#8221;]Auf dem Camping Lido glauben wir, dass der Urlaub aus besonderen Momenten besteht, die man mit seinen Lieben teilt. Unser MiniClub sorgt daf\u00fcr, dass auch die kleinsten Familienmitglieder ein einzigartiges und unvergessliches Erlebnis haben. Wir freuen uns darauf, Ihre Kinder in unserer Welt des Spa\u00dfes und der Abenteuer willkommen zu hei\u00dfen, w\u00e4hrend Sie die Ruhe und Sch\u00f6nheit der Insel Elba genie\u00dfen.<\/p>\n<p>Buchen Sie jetzt Ihren Urlaub auf dem Campingplatz Lido und entdecken Sie die perfekte Mischung aus Spa\u00df f\u00fcr Kinder und Entspannung f\u00fcr Erwachsene. Wir freuen uns darauf, Sie mit einem Traumurlaub zu verw\u00f6hnen![\/vc_column_text][\/vc_column][\/vc_row][vc_row full_width=&#8221;stretch_row_content_no_spaces&#8221; content_placement=&#8221;middle&#8221; css=&#8221;.vc_custom_1706781036946{background-position: center !important;background-repeat: no-repeat !important;background-size: cover !important;}&#8221; wpex_bg_overlay_blend=&#8221;lighten&#8221;][vc_column]<style> style=\"height:50px;\"<\/style><div class=\"vcex-spacing wpex-w-100 wpex-clear\" style=\"height:50px;\"><\/div><style class=\"vcex-carousel-preload-css\">.vcex_69f376a4df140{--wpex-carousel-gap:0px;}.vcex_69f376a4df140{--wpex-carousel-columns:1;}.vcex_69f376a4df140.wpex-carousel:not(.owl-loaded) > *:not(:nth-child(1n+2)) {display: flex !important;}@media only screen and (min-width: 480px) {.vcex_69f376a4df140{--wpex-carousel-columns:2;}.vcex_69f376a4df140.wpex-carousel:not(.owl-loaded) > *:not(:nth-child(1n+3)) {display: flex !important;}}@media only screen and (min-width: 768px) {.vcex_69f376a4df140{--wpex-carousel-columns:3;}.vcex_69f376a4df140.wpex-carousel:not(.owl-loaded) > *:not(:nth-child(1n+4)) {display: flex !important;}}@media only screen and (min-width: 960px) {.vcex_69f376a4df140{--wpex-carousel-columns:4;}.vcex_69f376a4df140.wpex-carousel:not(.owl-loaded) > *:not(:nth-child(1n+5)) {display: flex !important;}}<\/style><div class=\"vcex-module wpex-carousel wpex-carousel-images wpex-clr owl-carousel wpex-carousel--render-onload vcex_69f376a4df140 arrwstyle-min arrwpos-right\" data-wpex-carousel=\"{&quot;autoplay&quot;:&quot;true&quot;,&quot;margin&quot;:0,&quot;responsive&quot;:{&quot;0&quot;:{&quot;items&quot;:&quot;1&quot;},&quot;480&quot;:{&quot;items&quot;:&quot;2&quot;},&quot;768&quot;:{&quot;items&quot;:&quot;3&quot;},&quot;960&quot;:{&quot;items&quot;:&quot;4&quot;}}}\"><div class=\"wpex-carousel-slide\"><figure class=\"wpex-carousel-entry-media entry-media\"><img width=\"1200\" height=\"800\" src=\"https:\/\/www.elbacampinglido.it\/wp-content\/uploads\/2024\/03\/carosello-footer-01.jpg\" class=\"wpex-align-middle skip-lazy\" alt=\"\" data-no-lazy=\"1\" srcset=\"https:\/\/www.elbacampinglido.it\/wp-content\/uploads\/2024\/03\/carosello-footer-01.jpg 1200w, https:\/\/www.elbacampinglido.it\/wp-content\/uploads\/2024\/03\/carosello-footer-01-300x200.jpg 300w, https:\/\/www.elbacampinglido.it\/wp-content\/uploads\/2024\/03\/carosello-footer-01-1024x683.jpg 1024w, https:\/\/www.elbacampinglido.it\/wp-content\/uploads\/2024\/03\/carosello-footer-01-768x512.jpg 768w\" sizes=\"(max-width: 1200px) 100vw, 1200px\" \/><\/figure><\/div><div class=\"wpex-carousel-slide\"><figure class=\"wpex-carousel-entry-media entry-media\"><img width=\"1200\" height=\"800\" src=\"https:\/\/www.elbacampinglido.it\/wp-content\/uploads\/2024\/03\/carosello-footer-02.jpg\" class=\"wpex-align-middle skip-lazy\" alt=\"\" data-no-lazy=\"1\" srcset=\"https:\/\/www.elbacampinglido.it\/wp-content\/uploads\/2024\/03\/carosello-footer-02.jpg 1200w, https:\/\/www.elbacampinglido.it\/wp-content\/uploads\/2024\/03\/carosello-footer-02-300x200.jpg 300w, https:\/\/www.elbacampinglido.it\/wp-content\/uploads\/2024\/03\/carosello-footer-02-1024x683.jpg 1024w, https:\/\/www.elbacampinglido.it\/wp-content\/uploads\/2024\/03\/carosello-footer-02-768x512.jpg 768w\" sizes=\"(max-width: 1200px) 100vw, 1200px\" \/><\/figure><\/div><div class=\"wpex-carousel-slide\"><figure class=\"wpex-carousel-entry-media entry-media\"><img width=\"1200\" height=\"800\" src=\"https:\/\/www.elbacampinglido.it\/wp-content\/uploads\/2024\/02\/villaggio-mare-toscana.jpg\" class=\"wpex-align-middle skip-lazy\" alt=\"villaggio-mare-toscana\" data-no-lazy=\"1\" srcset=\"https:\/\/www.elbacampinglido.it\/wp-content\/uploads\/2024\/02\/villaggio-mare-toscana.jpg 1200w, https:\/\/www.elbacampinglido.it\/wp-content\/uploads\/2024\/02\/villaggio-mare-toscana-300x200.jpg 300w, https:\/\/www.elbacampinglido.it\/wp-content\/uploads\/2024\/02\/villaggio-mare-toscana-1024x683.jpg 1024w, https:\/\/www.elbacampinglido.it\/wp-content\/uploads\/2024\/02\/villaggio-mare-toscana-768x512.jpg 768w\" sizes=\"(max-width: 1200px) 100vw, 1200px\" \/><\/figure><\/div><div class=\"wpex-carousel-slide\"><figure class=\"wpex-carousel-entry-media entry-media\"><img width=\"1200\" height=\"800\" src=\"https:\/\/www.elbacampinglido.it\/wp-content\/uploads\/2024\/02\/isola-d-elba.jpg\" class=\"wpex-align-middle skip-lazy\" alt=\"\" data-no-lazy=\"1\" srcset=\"https:\/\/www.elbacampinglido.it\/wp-content\/uploads\/2024\/02\/isola-d-elba.jpg 1200w, https:\/\/www.elbacampinglido.it\/wp-content\/uploads\/2024\/02\/isola-d-elba-300x200.jpg 300w, https:\/\/www.elbacampinglido.it\/wp-content\/uploads\/2024\/02\/isola-d-elba-1024x683.jpg 1024w, https:\/\/www.elbacampinglido.it\/wp-content\/uploads\/2024\/02\/isola-d-elba-768x512.jpg 768w\" sizes=\"(max-width: 1200px) 100vw, 1200px\" \/><\/figure><\/div><div class=\"wpex-carousel-slide\"><figure class=\"wpex-carousel-entry-media entry-media\"><img width=\"900\" height=\"600\" src=\"https:\/\/www.elbacampinglido.it\/wp-content\/uploads\/2024\/03\/animazione-camping-lido.jpg\" class=\"wpex-align-middle skip-lazy\" alt=\"Camping Animazione Isola d&#039;Elba\" data-no-lazy=\"1\" srcset=\"https:\/\/www.elbacampinglido.it\/wp-content\/uploads\/2024\/03\/animazione-camping-lido.jpg 900w, https:\/\/www.elbacampinglido.it\/wp-content\/uploads\/2024\/03\/animazione-camping-lido-300x200.jpg 300w, https:\/\/www.elbacampinglido.it\/wp-content\/uploads\/2024\/03\/animazione-camping-lido-768x512.jpg 768w\" sizes=\"(max-width: 900px) 100vw, 900px\" \/><\/figure><\/div><div class=\"wpex-carousel-slide\"><figure class=\"wpex-carousel-entry-media entry-media\"><img width=\"1200\" height=\"800\" src=\"https:\/\/www.elbacampinglido.it\/wp-content\/uploads\/2024\/03\/carosello-footer-04.jpg\" class=\"wpex-align-middle skip-lazy\" alt=\"\" data-no-lazy=\"1\" srcset=\"https:\/\/www.elbacampinglido.it\/wp-content\/uploads\/2024\/03\/carosello-footer-04.jpg 1200w, https:\/\/www.elbacampinglido.it\/wp-content\/uploads\/2024\/03\/carosello-footer-04-300x200.jpg 300w, https:\/\/www.elbacampinglido.it\/wp-content\/uploads\/2024\/03\/carosello-footer-04-1024x683.jpg 1024w, https:\/\/www.elbacampinglido.it\/wp-content\/uploads\/2024\/03\/carosello-footer-04-768x512.jpg 768w\" sizes=\"(max-width: 1200px) 100vw, 1200px\" \/><\/figure><\/div><div class=\"wpex-carousel-slide\"><figure class=\"wpex-carousel-entry-media entry-media\"><img width=\"1200\" height=\"800\" src=\"https:\/\/www.elbacampinglido.it\/wp-content\/uploads\/2024\/03\/carosello-footer-07.jpg\" class=\"wpex-align-middle skip-lazy\" alt=\"\" data-no-lazy=\"1\" srcset=\"https:\/\/www.elbacampinglido.it\/wp-content\/uploads\/2024\/03\/carosello-footer-07.jpg 1200w, https:\/\/www.elbacampinglido.it\/wp-content\/uploads\/2024\/03\/carosello-footer-07-300x200.jpg 300w, https:\/\/www.elbacampinglido.it\/wp-content\/uploads\/2024\/03\/carosello-footer-07-1024x683.jpg 1024w, https:\/\/www.elbacampinglido.it\/wp-content\/uploads\/2024\/03\/carosello-footer-07-768x512.jpg 768w\" sizes=\"(max-width: 1200px) 100vw, 1200px\" \/><\/figure><\/div><div class=\"wpex-carousel-slide\"><figure class=\"wpex-carousel-entry-media entry-media\"><img width=\"1200\" height=\"800\" src=\"https:\/\/www.elbacampinglido.it\/wp-content\/uploads\/2024\/03\/carosello-footer-03.jpg\" class=\"wpex-align-middle skip-lazy\" alt=\"\" data-no-lazy=\"1\" srcset=\"https:\/\/www.elbacampinglido.it\/wp-content\/uploads\/2024\/03\/carosello-footer-03.jpg 1200w, https:\/\/www.elbacampinglido.it\/wp-content\/uploads\/2024\/03\/carosello-footer-03-300x200.jpg 300w, https:\/\/www.elbacampinglido.it\/wp-content\/uploads\/2024\/03\/carosello-footer-03-1024x683.jpg 1024w, https:\/\/www.elbacampinglido.it\/wp-content\/uploads\/2024\/03\/carosello-footer-03-768x512.jpg 768w\" sizes=\"(max-width: 1200px) 100vw, 1200px\" \/><\/figure><\/div><div class=\"wpex-carousel-slide\"><figure class=\"wpex-carousel-entry-media entry-media\"><img width=\"900\" height=\"600\" src=\"https:\/\/www.elbacampinglido.it\/wp-content\/uploads\/2024\/03\/spiaggia-lido-di-capoliveri-08.jpg\" class=\"wpex-align-middle skip-lazy\" alt=\"Spiaggia Lido Capoliveri\" data-no-lazy=\"1\" srcset=\"https:\/\/www.elbacampinglido.it\/wp-content\/uploads\/2024\/03\/spiaggia-lido-di-capoliveri-08.jpg 900w, https:\/\/www.elbacampinglido.it\/wp-content\/uploads\/2024\/03\/spiaggia-lido-di-capoliveri-08-300x200.jpg 300w, https:\/\/www.elbacampinglido.it\/wp-content\/uploads\/2024\/03\/spiaggia-lido-di-capoliveri-08-768x512.jpg 768w\" sizes=\"(max-width: 900px) 100vw, 900px\" \/><\/figure><\/div><\/div>[\/vc_column][\/vc_row]\n<\/div>","protected":false},"excerpt":{"rendered":"<p>[vc_row full_width=&#8221;stretch_row&#8221; content_placement=&#8221;middle&#8221; css=&#8221;.vc_custom_1709917966639{background-image: url(https:\/\/www.elbacampinglido.it\/wp-content\/uploads\/2024\/03\/header-animazione-mare.jpg?id=2712) !important;background-position: center !important;background-repeat: no-repeat !important;background-size: cover !important;}&#8221; el_class=&#8221;min_height_pag_int&#8221;][vc_column width=&#8221;1\/4&#8243;][\/vc_column][vc_column width=&#8221;1\/2&#8243;][vc_column_text color=&#8221;#ffffff&#8221; el_class=&#8221;page-header-title&#8221;] Campingplatz mit Miniclub [\/vc_column_text][\/vc_column][vc_column width=&#8221;1\/4&#8243;][\/vc_column][\/vc_row][vc_row content_placement=&#8221;middle&#8221; equal_height=&#8221;yes&#8221; el_class=&#8221;mtd120 mtm60&#8243; css=&#8221;.vc_custom_1706898862220{margin-bottom: 30px !important;}&#8221;][vc_column css_animation=&#8221;fadeInLeft&#8221; css=&#8221;.vc_custom_1707214290367{padding-top: 30px !important;padding-right: 30px !important;padding-left: 30px !important;background-position: center !important;background-repeat: no-repeat !important;background-size: contain !important;}&#8221; wpex_bg_position=&#8221;0% 0%&#8221; el_class=&#8221;mtm60&#8243;][vc_row_inner][vc_column_inner width=&#8221;1\/4&#8243;][vc_column_text font_size=&#8221;15px&#8221; text_transform=&#8221;uppercase&#8221; color=&#8221;#f9b233&#8243; letter_spacing=&#8221;wide&#8221; font_weight=&#8221;700&#8243;]Am Strand und auf&hellip;<\/p>\n","protected":false},"author":3,"featured_media":0,"parent":0,"menu_order":0,"comment_status":"closed","ping_status":"closed","template":"","meta":{"inline_featured_image":false,"footnotes":""},"class_list":["post-3320","page","type-page","status-publish","hentry","entry","no-media"],"_links":{"self":[{"href":"https:\/\/www.elbacampinglido.it\/de\/wp-json\/wp\/v2\/pages\/3320","targetHints":{"allow":["GET"]}}],"collection":[{"href":"https:\/\/www.elbacampinglido.it\/de\/wp-json\/wp\/v2\/pages"}],"about":[{"href":"https:\/\/www.elbacampinglido.it\/de\/wp-json\/wp\/v2\/types\/page"}],"author":[{"embeddable":true,"href":"https:\/\/www.elbacampinglido.it\/de\/wp-json\/wp\/v2\/users\/3"}],"replies":[{"embeddable":true,"href":"https:\/\/www.elbacampinglido.it\/de\/wp-json\/wp\/v2\/comments?post=3320"}],"version-history":[{"count":5,"href":"https:\/\/www.elbacampinglido.it\/de\/wp-json\/wp\/v2\/pages\/3320\/revisions"}],"predecessor-version":[{"id":4473,"href":"https:\/\/www.elbacampinglido.it\/de\/wp-json\/wp\/v2\/pages\/3320\/revisions\/4473"}],"wp:attachment":[{"href":"https:\/\/www.elbacampinglido.it\/de\/wp-json\/wp\/v2\/media?parent=3320"}],"curies":[{"name":"wp","href":"https:\/\/api.w.org\/{rel}","templated":true}]}}