{"id":3326,"date":"2024-02-06T12:50:06","date_gmt":"2024-02-06T11:50:06","guid":{"rendered":"https:\/\/www.elbacampinglido.it\/strand\/"},"modified":"2024-04-08T11:53:07","modified_gmt":"2024-04-08T09:53:07","slug":"strand-lido-capoliveri-elba","status":"publish","type":"page","link":"https:\/\/www.elbacampinglido.it\/de\/strand-lido-capoliveri-elba\/","title":{"rendered":"Strand"},"content":{"rendered":"<div class=\"wpb-content-wrapper\">[vc_row full_width=&#8221;stretch_row&#8221; content_placement=&#8221;middle&#8221; css=&#8221;.vc_custom_1707240594055{background-image: url(https:\/\/www.elbacampinglido.it\/wp-content\/uploads\/2024\/02\/villaggio-isola-d-elba.jpg?id=1800) !important;background-position: center !important;background-repeat: no-repeat !important;background-size: cover !important;}&#8221; el_class=&#8221;min_height_pag_int&#8221;][vc_column width=&#8221;1\/4&#8243;][\/vc_column][vc_column width=&#8221;1\/2&#8243;][vc_column_text color=&#8221;#ffffff&#8221; el_class=&#8221;page-header-title&#8221;]\n<h1 style=\"text-align: center;\">Strand Capoliveri<\/h1>\n[\/vc_column_text][\/vc_column][vc_column width=&#8221;1\/4&#8243;][\/vc_column][\/vc_row][vc_row content_placement=&#8221;middle&#8221; equal_height=&#8221;yes&#8221; el_class=&#8221;mtd120 mtm60&#8243; css=&#8221;.vc_custom_1706898862220{margin-bottom: 30px !important;}&#8221;][vc_column css_animation=&#8221;fadeInLeft&#8221; css=&#8221;.vc_custom_1707214290367{padding-top: 30px !important;padding-right: 30px !important;padding-left: 30px !important;background-position: center !important;background-repeat: no-repeat !important;background-size: contain !important;}&#8221; wpex_bg_position=&#8221;0% 0%&#8221; el_class=&#8221;mtm60&#8243;][vc_row_inner][vc_column_inner width=&#8221;1\/4&#8243;][vc_column_text font_size=&#8221;15px&#8221; text_transform=&#8221;uppercase&#8221; color=&#8221;#f9b233&#8243; letter_spacing=&#8221;wide&#8221; font_weight=&#8221;700&#8243;]Wellen, Sonne und feiner Sand[\/vc_column_text][vc_column_text css=&#8221;.vc_custom_1709558653487{padding-top: 15px !important;}&#8221; color=&#8221;#4499b8&#8243;]\n<h2>Der Strand, von dem Sie immer getr\u00e4umt haben, auf der Insel Elba<\/h2>\n[\/vc_column_text][vc_column_text font_size=&#8221;15px&#8221; text_transform=&#8221;uppercase&#8221; color=&#8221;#f9b233&#8243; letter_spacing=&#8221;wide&#8221; font_weight=&#8221;700&#8243;]\n<hr class=\"blu\" \/>\n[\/vc_column_text][\/vc_column_inner][vc_column_inner width=&#8221;3\/4&#8243;][vc_column_text css_animation=&#8221;fadeInRight&#8221; el_class=&#8221;mtd40 mtm30&#8243;]Unser Strand wird von allen als ein wahres Paradies angesehen, das von feinem Sand und dem kristallklaren Wasser des Elba-Meeres umgeben ist. Der Strand ist jeden Tag f\u00fcr Familien und Meeresliebhaber ge\u00f6ffnet. Der <strong>Strand von Lido di Capoliveri<\/strong> ist etwa 500 Meter lang und 20 bis 30 Meter breit und bietet ein einzigartiges und unvergessliches Badeerlebnis.<\/p>\n<p>Der sanft ins Meer abfallende <strong>Sandboden<\/strong> ist ideal f\u00fcr <strong>Kinder<\/strong>, die hier sicher spielen und schwimmen k\u00f6nnen. Die Wassertemperatur, die angenehm w\u00e4rmer ist als an den Str\u00e4nden auf den anderen Seiten der Insel, ist ideal f\u00fcr lange Tage der Entspannung und des Vergn\u00fcgens in der Sonne, auch dank der g\u00fcnstigen S\u00fcdlage.<\/p>\n<p>Der Strand ist so <strong>ausgestattet<\/strong>, dass er allen Anspr\u00fcchen gerecht wird: von Badeanstalten bis zu Windsurfing-Schulen, von Jollen- und Sonnenschirmverleih bis zu Tretbooten. F\u00fcr eine erfrischende Pause gibt es zahlreiche Bars und Restaurants, in denen Sie k\u00f6stliche lokale Gerichte und erfrischende Getr\u00e4nke genie\u00dfen k\u00f6nnen, w\u00e4hrend Sie den bezaubernden Meerblick bewundern.<\/p>\n<p>F\u00fcr diejenigen, die Ruhe und Frieden bevorzugen, gibt es vor dem Campingplatz und auf der linken Seite <strong>freie Strandabschnitte<\/strong>, wo Sie Ihr Handtuch ausbreiten und die nat\u00fcrliche Sch\u00f6nheit der Insel Elba in v\u00f6lliger Freiheit genie\u00dfen k\u00f6nnen.[\/vc_column_text][vc_column_text css=&#8221;.vc_custom_1709558539804{padding-top: 15px !important;}&#8221; color=&#8221;#4499b8&#8243;]\n<h2><em>Erleben Sie mit uns einen traumhaften Sommer am Strand von Lido di Capoliveri.<\/em><\/h2>\n[\/vc_column_text]<div class=\"vcex-spacing wpex-w-100 wpex-clear\"><\/div>[\/vc_column_inner][\/vc_row_inner][\/vc_column][\/vc_row][vc_row css_animation=&#8221;fadeInRight&#8221;][vc_column width=&#8221;2\/6&#8243;][vc_single_image image=&#8221;2621&#8243; img_size=&#8221;large&#8221; alignment=&#8221;center&#8221;]<div class=\"vcex-spacing wpex-w-100 wpex-clear\"><\/div>[\/vc_column][vc_column width=&#8221;4\/6&#8243;][vc_row_inner][vc_column_inner width=&#8221;1\/3&#8243;][vc_single_image image=&#8221;2592&#8243; img_size=&#8221;large&#8221; alignment=&#8221;center&#8221; onclick=&#8221;link_image&#8221; img_hover=&#8221;grow&#8221;]<div class=\"vcex-spacing wpex-w-100 wpex-clear\"><\/div>[\/vc_column_inner][vc_column_inner width=&#8221;1\/3&#8243;][vc_single_image image=&#8221;2600&#8243; img_size=&#8221;large&#8221; alignment=&#8221;center&#8221; onclick=&#8221;link_image&#8221; img_hover=&#8221;grow&#8221;]<div class=\"vcex-spacing wpex-w-100 wpex-clear\"><\/div>[\/vc_column_inner][vc_column_inner width=&#8221;1\/3&#8243;][vc_single_image image=&#8221;2604&#8243; img_size=&#8221;large&#8221; alignment=&#8221;center&#8221; onclick=&#8221;link_image&#8221; img_hover=&#8221;grow&#8221;]<div class=\"vcex-spacing wpex-w-100 wpex-clear\"><\/div>[\/vc_column_inner][\/vc_row_inner][vc_row_inner][vc_column_inner width=&#8221;1\/2&#8243;][vc_single_image image=&#8221;2596&#8243; img_size=&#8221;large&#8221; alignment=&#8221;center&#8221; onclick=&#8221;link_image&#8221; img_hover=&#8221;grow&#8221;]<div class=\"vcex-spacing wpex-w-100 wpex-clear\"><\/div>[\/vc_column_inner][vc_column_inner width=&#8221;1\/2&#8243;][vc_single_image image=&#8221;2608&#8243; img_size=&#8221;large&#8221; alignment=&#8221;center&#8221; onclick=&#8221;img_link_large&#8221; img_hover=&#8221;grow&#8221;]<div class=\"vcex-spacing wpex-w-100 wpex-clear\"><\/div>[\/vc_column_inner][\/vc_row_inner][\/vc_column][\/vc_row][vc_row content_placement=&#8221;middle&#8221; disable_element=&#8221;yes&#8221; css=&#8221;.vc_custom_1709558201115{margin-bottom: 50px !important;}&#8221;][vc_column css_animation=&#8221;fadeInLeft&#8221; width=&#8221;1\/2&#8243; css=&#8221;.vc_custom_1708354982365{padding-right: 30px !important;padding-left: 30px !important;}&#8221;][vc_column_text css=&#8221;.vc_custom_1707239744574{padding-top: 15px !important;}&#8221; color=&#8221;#4499b8&#8243;]\n<h2>Intimit\u00e4t und das kristallklare Meer<\/h2>\n[\/vc_column_text][vc_column_text css=&#8221;.vc_custom_1707240773220{padding-top: 15px !important;}&#8221; color=&#8221;#4499b8&#8243;]\n<hr class=\"blu\" \/>\n[\/vc_column_text][vc_column_text el_class=&#8221;mtd40 mtm30&#8243;]Unser kleiner, bezaubernder Strand ist zwar ein Juwel der Intimit\u00e4t und Ruhe, \u00f6ffnet aber gleichzeitig das Tor zu einer Welt der Meeresabenteuer gleich zu seiner Rechten, wo suggestive H\u00f6hlen zur Erkundung einladen, die direkt vom Meer aus zug\u00e4nglich sind und eine sogar vom Strand selbst. Dieser geheime Winkel der Insel Elba ist mit dem gro\u00dfen <strong>Strand von Lido di Capoliveri<\/strong> verbunden und bietet einen faszinierenden Kontrast zwischen Intimit\u00e4t und Gr\u00f6\u00dfe.<\/p>\n<p>Die Entdeckung geht auf der linken Seite unseres Strandes weiter, wo sich dem Besucher, der den Steilk\u00fcstenpfad entlang geht, zwei kleine, versteckte und private Str\u00e4nde offenbaren, die Momente der Ruhe und nat\u00fcrlichen Sch\u00f6nheit versprechen.<\/p>\n<p>Aber die Erkundung ist noch nicht zu Ende. Die umliegende K\u00fcste ist ein Mosaik von Wundern, die es vom Meer aus zu entdecken gilt. Von den faszinierenden Str\u00e4nden von <strong>Barabarca<\/strong> und <strong>Zuccale<\/strong>durch die Wildnis <strong>M\u00f6wenk\u00fcste,<\/strong> bis die <strong>Die geheimen Buchten von Capo di Stella<\/strong> und die umfangreichen <strong>Abschnitte des Sandes von Lacona<\/strong> o <strong>Marina di Campo<\/strong>Die Insel Elba zeigt sich in ihrer ganzen Vielfalt und unser kleiner Strand ist der ideale Ausgangspunkt f\u00fcr eine Entdeckungsreise zu den verborgenen Sch\u00e4tzen der Insel.[\/vc_column_text][\/vc_column][vc_column css_animation=&#8221;fadeInRight&#8221; width=&#8221;1\/2&#8243;][vc_single_image image=&#8221;1825&#8243;][\/vc_column][\/vc_row][vc_row full_width=&#8221;stretch_row_content_no_spaces&#8221; content_placement=&#8221;middle&#8221; css=&#8221;.vc_custom_1706781036946{background-position: center !important;background-repeat: no-repeat !important;background-size: cover !important;}&#8221; wpex_bg_overlay_blend=&#8221;lighten&#8221;][vc_column]<style> style=\"height:50px;\"<\/style><div class=\"vcex-spacing wpex-w-100 wpex-clear\" style=\"height:50px;\"><\/div><style class=\"vcex-carousel-preload-css\">.vcex_69f33510f0457{--wpex-carousel-gap:0px;}.vcex_69f33510f0457{--wpex-carousel-columns:1;}.vcex_69f33510f0457.wpex-carousel:not(.owl-loaded) > *:not(:nth-child(1n+2)) {display: flex !important;}@media only screen and (min-width: 480px) {.vcex_69f33510f0457{--wpex-carousel-columns:2;}.vcex_69f33510f0457.wpex-carousel:not(.owl-loaded) > *:not(:nth-child(1n+3)) {display: flex !important;}}@media only screen and (min-width: 768px) {.vcex_69f33510f0457{--wpex-carousel-columns:3;}.vcex_69f33510f0457.wpex-carousel:not(.owl-loaded) > *:not(:nth-child(1n+4)) {display: flex !important;}}@media only screen and (min-width: 960px) {.vcex_69f33510f0457{--wpex-carousel-columns:4;}.vcex_69f33510f0457.wpex-carousel:not(.owl-loaded) > *:not(:nth-child(1n+5)) {display: flex !important;}}<\/style><div class=\"vcex-module wpex-carousel wpex-carousel-images wpex-clr owl-carousel wpex-carousel--render-onload vcex_69f33510f0457 arrwstyle-min arrwpos-right\" data-wpex-carousel=\"{&quot;autoplay&quot;:&quot;true&quot;,&quot;margin&quot;:0,&quot;responsive&quot;:{&quot;0&quot;:{&quot;items&quot;:&quot;1&quot;},&quot;480&quot;:{&quot;items&quot;:&quot;2&quot;},&quot;768&quot;:{&quot;items&quot;:&quot;3&quot;},&quot;960&quot;:{&quot;items&quot;:&quot;4&quot;}}}\"><div class=\"wpex-carousel-slide\"><figure class=\"wpex-carousel-entry-media entry-media\"><img width=\"1200\" height=\"800\" src=\"https:\/\/www.elbacampinglido.it\/wp-content\/uploads\/2024\/02\/villaggio-spiaggia_04-1.jpg\" class=\"wpex-align-middle skip-lazy\" alt=\"\" data-no-lazy=\"1\" srcset=\"https:\/\/www.elbacampinglido.it\/wp-content\/uploads\/2024\/02\/villaggio-spiaggia_04-1.jpg 1200w, https:\/\/www.elbacampinglido.it\/wp-content\/uploads\/2024\/02\/villaggio-spiaggia_04-1-300x200.jpg 300w, https:\/\/www.elbacampinglido.it\/wp-content\/uploads\/2024\/02\/villaggio-spiaggia_04-1-1024x683.jpg 1024w, https:\/\/www.elbacampinglido.it\/wp-content\/uploads\/2024\/02\/villaggio-spiaggia_04-1-768x512.jpg 768w\" sizes=\"(max-width: 1200px) 100vw, 1200px\" \/><\/figure><\/div><div class=\"wpex-carousel-slide\"><figure class=\"wpex-carousel-entry-media entry-media\"><img width=\"1200\" height=\"800\" src=\"https:\/\/www.elbacampinglido.it\/wp-content\/uploads\/2024\/02\/isola-d-elba.jpg\" class=\"wpex-align-middle skip-lazy\" alt=\"\" data-no-lazy=\"1\" srcset=\"https:\/\/www.elbacampinglido.it\/wp-content\/uploads\/2024\/02\/isola-d-elba.jpg 1200w, https:\/\/www.elbacampinglido.it\/wp-content\/uploads\/2024\/02\/isola-d-elba-300x200.jpg 300w, https:\/\/www.elbacampinglido.it\/wp-content\/uploads\/2024\/02\/isola-d-elba-1024x683.jpg 1024w, https:\/\/www.elbacampinglido.it\/wp-content\/uploads\/2024\/02\/isola-d-elba-768x512.jpg 768w\" sizes=\"(max-width: 1200px) 100vw, 1200px\" \/><\/figure><\/div><div class=\"wpex-carousel-slide\"><figure class=\"wpex-carousel-entry-media entry-media\"><img width=\"1200\" height=\"800\" src=\"https:\/\/www.elbacampinglido.it\/wp-content\/uploads\/2024\/02\/Mare-Isola-dElba2.jpg\" class=\"wpex-align-middle skip-lazy\" alt=\"\" data-no-lazy=\"1\" srcset=\"https:\/\/www.elbacampinglido.it\/wp-content\/uploads\/2024\/02\/Mare-Isola-dElba2.jpg 1200w, https:\/\/www.elbacampinglido.it\/wp-content\/uploads\/2024\/02\/Mare-Isola-dElba2-300x200.jpg 300w, https:\/\/www.elbacampinglido.it\/wp-content\/uploads\/2024\/02\/Mare-Isola-dElba2-1024x683.jpg 1024w, https:\/\/www.elbacampinglido.it\/wp-content\/uploads\/2024\/02\/Mare-Isola-dElba2-768x512.jpg 768w\" sizes=\"(max-width: 1200px) 100vw, 1200px\" \/><\/figure><\/div><div class=\"wpex-carousel-slide\"><figure class=\"wpex-carousel-entry-media entry-media\"><img width=\"1200\" height=\"800\" src=\"https:\/\/www.elbacampinglido.it\/wp-content\/uploads\/2024\/02\/camping-spiaggia-toscana-mare_02.jpg\" class=\"wpex-align-middle skip-lazy\" alt=\"\" data-no-lazy=\"1\" srcset=\"https:\/\/www.elbacampinglido.it\/wp-content\/uploads\/2024\/02\/camping-spiaggia-toscana-mare_02.jpg 1200w, https:\/\/www.elbacampinglido.it\/wp-content\/uploads\/2024\/02\/camping-spiaggia-toscana-mare_02-300x200.jpg 300w, https:\/\/www.elbacampinglido.it\/wp-content\/uploads\/2024\/02\/camping-spiaggia-toscana-mare_02-1024x683.jpg 1024w, https:\/\/www.elbacampinglido.it\/wp-content\/uploads\/2024\/02\/camping-spiaggia-toscana-mare_02-768x512.jpg 768w\" sizes=\"(max-width: 1200px) 100vw, 1200px\" \/><\/figure><\/div><div class=\"wpex-carousel-slide\"><figure class=\"wpex-carousel-entry-media entry-media\"><img width=\"900\" height=\"600\" src=\"https:\/\/www.elbacampinglido.it\/wp-content\/uploads\/2024\/03\/spiaggia-lido-di-capoliveri-01.jpg\" class=\"wpex-align-middle skip-lazy\" alt=\"Spiaggia Lido Capoliveri\" data-no-lazy=\"1\" srcset=\"https:\/\/www.elbacampinglido.it\/wp-content\/uploads\/2024\/03\/spiaggia-lido-di-capoliveri-01.jpg 900w, https:\/\/www.elbacampinglido.it\/wp-content\/uploads\/2024\/03\/spiaggia-lido-di-capoliveri-01-300x200.jpg 300w, https:\/\/www.elbacampinglido.it\/wp-content\/uploads\/2024\/03\/spiaggia-lido-di-capoliveri-01-768x512.jpg 768w\" sizes=\"(max-width: 900px) 100vw, 900px\" \/><\/figure><\/div><div class=\"wpex-carousel-slide\"><figure class=\"wpex-carousel-entry-media entry-media\"><img width=\"900\" height=\"600\" src=\"https:\/\/www.elbacampinglido.it\/wp-content\/uploads\/2024\/03\/spiaggia-lido-di-capoliveri-02.jpg\" class=\"wpex-align-middle skip-lazy\" alt=\"Spiaggia Lido Capoliveri\" data-no-lazy=\"1\" srcset=\"https:\/\/www.elbacampinglido.it\/wp-content\/uploads\/2024\/03\/spiaggia-lido-di-capoliveri-02.jpg 900w, https:\/\/www.elbacampinglido.it\/wp-content\/uploads\/2024\/03\/spiaggia-lido-di-capoliveri-02-300x200.jpg 300w, https:\/\/www.elbacampinglido.it\/wp-content\/uploads\/2024\/03\/spiaggia-lido-di-capoliveri-02-768x512.jpg 768w\" sizes=\"(max-width: 900px) 100vw, 900px\" \/><\/figure><\/div><\/div>[\/vc_column][\/vc_row]\n<\/div>","protected":false},"excerpt":{"rendered":"<p>[vc_row full_width=&#8221;stretch_row&#8221; content_placement=&#8221;middle&#8221; css=&#8221;.vc_custom_1707240594055{background-image: url(https:\/\/www.elbacampinglido.it\/wp-content\/uploads\/2024\/02\/villaggio-isola-d-elba.jpg?id=1800) !important;background-position: center !important;background-repeat: no-repeat !important;background-size: cover !important;}&#8221; el_class=&#8221;min_height_pag_int&#8221;][vc_column width=&#8221;1\/4&#8243;][\/vc_column][vc_column width=&#8221;1\/2&#8243;][vc_column_text color=&#8221;#ffffff&#8221; el_class=&#8221;page-header-title&#8221;] Strand Capoliveri [\/vc_column_text][\/vc_column][vc_column width=&#8221;1\/4&#8243;][\/vc_column][\/vc_row][vc_row content_placement=&#8221;middle&#8221; equal_height=&#8221;yes&#8221; el_class=&#8221;mtd120 mtm60&#8243; css=&#8221;.vc_custom_1706898862220{margin-bottom: 30px !important;}&#8221;][vc_column css_animation=&#8221;fadeInLeft&#8221; css=&#8221;.vc_custom_1707214290367{padding-top: 30px !important;padding-right: 30px !important;padding-left: 30px !important;background-position: center !important;background-repeat: no-repeat !important;background-size: contain !important;}&#8221; wpex_bg_position=&#8221;0% 0%&#8221; el_class=&#8221;mtm60&#8243;][vc_row_inner][vc_column_inner width=&#8221;1\/4&#8243;][vc_column_text font_size=&#8221;15px&#8221; text_transform=&#8221;uppercase&#8221; color=&#8221;#f9b233&#8243; letter_spacing=&#8221;wide&#8221; font_weight=&#8221;700&#8243;]Wellen, Sonne und feiner Sand[\/vc_column_text][vc_column_text&hellip;<\/p>\n","protected":false},"author":3,"featured_media":0,"parent":0,"menu_order":0,"comment_status":"closed","ping_status":"closed","template":"","meta":{"inline_featured_image":false,"footnotes":""},"class_list":["post-3326","page","type-page","status-publish","hentry","entry","no-media"],"_links":{"self":[{"href":"https:\/\/www.elbacampinglido.it\/de\/wp-json\/wp\/v2\/pages\/3326","targetHints":{"allow":["GET"]}}],"collection":[{"href":"https:\/\/www.elbacampinglido.it\/de\/wp-json\/wp\/v2\/pages"}],"about":[{"href":"https:\/\/www.elbacampinglido.it\/de\/wp-json\/wp\/v2\/types\/page"}],"author":[{"embeddable":true,"href":"https:\/\/www.elbacampinglido.it\/de\/wp-json\/wp\/v2\/users\/3"}],"replies":[{"embeddable":true,"href":"https:\/\/www.elbacampinglido.it\/de\/wp-json\/wp\/v2\/comments?post=3326"}],"version-history":[{"count":4,"href":"https:\/\/www.elbacampinglido.it\/de\/wp-json\/wp\/v2\/pages\/3326\/revisions"}],"predecessor-version":[{"id":3374,"href":"https:\/\/www.elbacampinglido.it\/de\/wp-json\/wp\/v2\/pages\/3326\/revisions\/3374"}],"wp:attachment":[{"href":"https:\/\/www.elbacampinglido.it\/de\/wp-json\/wp\/v2\/media?parent=3326"}],"curies":[{"name":"wp","href":"https:\/\/api.w.org\/{rel}","templated":true}]}}