{"id":3351,"date":"2024-02-19T16:31:33","date_gmt":"2024-02-19T15:31:33","guid":{"rendered":"https:\/\/www.elbacampinglido.it\/angebote\/"},"modified":"2024-09-18T19:09:07","modified_gmt":"2024-09-18T17:09:07","slug":"angebote-campingplatz-elba-insel","status":"publish","type":"page","link":"https:\/\/www.elbacampinglido.it\/de\/angebote-campingplatz-elba-insel\/","title":{"rendered":"Angebote"},"content":{"rendered":"<div class=\"wpb-content-wrapper\">[vc_row full_width=&#8221;stretch_row&#8221; content_placement=&#8221;middle&#8221; css=&#8221;.vc_custom_1709917991114{background-image: url(https:\/\/www.elbacampinglido.it\/wp-content\/uploads\/2024\/03\/offerte-hotel-isola-elba.jpg?id=2720) !important;background-position: center !important;background-repeat: no-repeat !important;background-size: cover !important;}&#8221; el_class=&#8221;min_height_pag_int&#8221;][vc_column width=&#8221;1\/4&#8243;][\/vc_column][vc_column width=&#8221;1\/2&#8243;][vc_column_text color=&#8221;#ffffff&#8221; el_class=&#8221;page-header-title&#8221;]\n<h1 style=\"text-align: center;\">Buchen bei uns zahlt sich aus<\/h1>\n[\/vc_column_text][\/vc_column][vc_column width=&#8221;1\/4&#8243;][\/vc_column][\/vc_row][vc_row content_placement=&#8221;middle&#8221; equal_height=&#8221;yes&#8221; el_class=&#8221;mtd120 mtm60&#8243; css=&#8221;.vc_custom_1706898862220{margin-bottom: 30px !important;}&#8221;][vc_column css_animation=&#8221;fadeInLeft&#8221; css=&#8221;.vc_custom_1707214290367{padding-top: 30px !important;padding-right: 30px !important;padding-left: 30px !important;background-position: center !important;background-repeat: no-repeat !important;background-size: contain !important;}&#8221; wpex_bg_position=&#8221;0% 0%&#8221; el_class=&#8221;mtm60&#8243;][vc_row_inner][vc_column_inner width=&#8221;1\/4&#8243;][vc_column_text font_size=&#8221;15px&#8221; text_transform=&#8221;uppercase&#8221; color=&#8221;#f9b233&#8243; letter_spacing=&#8221;wide&#8221; font_weight=&#8221;700&#8243;]Bestpreis-Garantie[\/vc_column_text][vc_column_text css=&#8221;.vc_custom_1708356870607{padding-top: 15px !important;}&#8221; color=&#8221;#4499b8&#8243;]\n<h2>Bis zu 20% Rabatt bei Direktbuchungen<\/h2>\n[\/vc_column_text][vc_column_text css=&#8221;.vc_custom_1707236227385{padding-top: 15px !important;}&#8221; color=&#8221;#4499b8&#8243;]\n<hr class=\"blu\" \/>\n[\/vc_column_text][\/vc_column_inner][vc_column_inner width=&#8221;3\/4&#8243;][vc_column_text el_class=&#8221;mtd40 mtm30&#8243;]Wenn Sie sich f\u00fcr den Campingplatz Lido auf der Insel Elba entscheiden, entscheiden Sie sich f\u00fcr ein einzigartiges Urlaubserlebnis, bei dem <strong>Natur<\/strong>, <strong>Komfort<\/strong> und <strong>famili\u00e4rer Empfang<\/strong> zusammenkommen, um Ihnen einen unbeschwerten Urlaub zu bieten. Mit exklusiven Angeboten, biz zu 20 % Erm\u00e4\u00dfigung auf die F\u00e4hre und einem breiten Angebot an Unterk\u00fcnften und Aktivit\u00e4ten f\u00fcr alle Altersgruppen garantiert eine Buchung bei uns nicht nur gro\u00dfe Einsparungen, sondern auch unvergessliche Momente.[\/vc_column_text]<div class=\"vcex-spacing wpex-w-100 wpex-clear\"><\/div>[\/vc_column_inner][\/vc_row_inner][\/vc_column][\/vc_row][vc_row gap=&#8221;35&#8243; rtl_reverse=&#8221;yes&#8221;][vc_column css_animation=&#8221;fadeInLeft&#8221; parallax=&#8221;content-moving&#8221; parallax_image=&#8221;3255&#8243; width=&#8221;1\/2&#8243; css=&#8221;.vc_custom_1709918160026{padding-top: 260px !important;padding-bottom: 260px !important;background-image: url(https:\/\/www.elbacampinglido.it\/wp-content\/uploads\/2024\/03\/offerte-camping-elba.jpg?id=2725) !important;background-position: center !important;background-repeat: no-repeat !important;background-size: cover !important;}&#8221; wpex_bg_overlay=&#8221;color&#8221; wpex_bg_overlay_color=&#8221;#000000&#8243; wpex_bg_overlay_opacity=&#8221;40%&#8221;][vc_column_text el_class=&#8221;mtd40 mtm30&#8243; color=&#8221;#ffffff&#8221; font_weight=&#8221;bold&#8221;]\n<div class=\"one_half\">\n<h2 style=\"text-align: center;\">Buchen Sie<br \/>\nsorglos<\/h2>\n<\/div>\n[\/vc_column_text][vc_column_text el_class=&#8221;mtd40 mtm30&#8243; color=&#8221;#ffffff&#8221; font_weight=&#8221;bold&#8221;]\n<div class=\"one_half\">\n<h4 style=\"text-align: center;\"><a href=\"#preventivo\">Angebot anfordern<\/a><\/h4>\n<\/div>\n[\/vc_column_text][\/vc_column][vc_column css_animation=&#8221;fadeInRight&#8221; width=&#8221;1\/2&#8243;][vc_column_text el_class=&#8221;mtd40 mtm30&#8243; color=&#8221;#344a53&#8243; font_weight=&#8221;bold&#8221;]\n<h2 style=\"text-align: center;\">Buchen bei uns zahlt sich aus<\/h2>\n[\/vc_column_text]<div class=\"vcex-spacing wpex-w-100 wpex-clear\"><\/div>[vc_column_text el_class=&#8221;nd_options_text_align_center_responsive_important&#8221; css=&#8221;.vc_custom_1709749640517{padding-right: 30px !important;padding-left: 30px !important;}&#8221;]Wenn Sie direkt bei Camping Lido buchen, erhalten Sie immer den besten Preis. Neben der M\u00f6glichkeit, <strong>exklusive Angebote<\/strong> und <strong>Erm\u00e4\u00dfigungen auf der F\u00e4hre<\/strong> in Anspruch zu nehmen, bedeutet die Direktbuchung auch, dass Sie direkt mit unseren <strong>Mitarbeitern<\/strong> in Kontakt treten k\u00f6nnen, die Ihnen einen pers\u00f6nlichen Service bieten und auf alle Ihre W\u00fcnsche eingehen. Von der Buchung bis zu Ihrer Ankunft stehen wir Ihnen zur Seite, um Ihnen einen <strong>unbeschwerten<\/strong>, auf Ihre W\u00fcnsche zugeschnittenen <strong>Urlaub<\/strong> zu erm\u00f6glichen.[\/vc_column_text][vc_column_text el_class=&#8221;mtd40 mtm30&#8243; color=&#8221;#344a53&#8243; font_weight=&#8221;bold&#8221;]\n<h2 style=\"text-align: center;\">Besondere Angebote<\/h2>\n[\/vc_column_text]<div class=\"vcex-spacing wpex-w-100 wpex-clear\"><\/div>[vc_column_text el_class=&#8221;nd_options_text_align_center_responsive_important&#8221; css=&#8221;.vc_custom_1709749557855{padding-right: 30px !important;padding-left: 30px !important;}&#8221;]Entdecken Sie un\u00fcbersehbare Schn\u00e4ppchen f\u00fcr Ihren Urlaub auf der Insel Elba! Camping Lido bietet eine Vielzahl von <strong>Sonderangeboten<\/strong> und <strong>Last-Minute-Optionen<\/strong> f\u00fcr jeden Bedarf und jedes Budget. Egal, ob Sie einen romantischen Ausflug, einen abenteuerlichen Urlaub oder einen entspannenden Familienaufenthalt planen, mit unseren Angeboten k\u00f6nnen Sie die Sch\u00f6nheit der Insel Elba zu g\u00fcnstigen Preisen genie\u00dfen. <em>Informieren Sie sich \u00fcber unsere Angebote und nutzen Sie die Gelegenheit, ein unvergessliches Erlebnis zu genie\u00dfen und dabei Geld zu sparen, ohne auf den Komfort und die Qualit\u00e4t zu verzichten, die uns auszeichnen.<\/em>[\/vc_column_text][vc_column_text el_class=&#8221;mtd40 mtm30&#8243; color=&#8221;#344a53&#8243; font_weight=&#8221;bold&#8221;]\n<h2 style=\"text-align: center;\">F\u00e4hren-Rabatt<\/h2>\n[\/vc_column_text]<div class=\"vcex-spacing wpex-w-100 wpex-clear\"><\/div>[vc_column_text el_class=&#8221;nd_options_text_align_center_responsive_important&#8221; css=&#8221;.vc_custom_1714240363443{padding-right: 30px !important;padding-left: 30px !important;}&#8221;]Da wir von Anfang an auf Ihren Komfort bedacht sind, arbeiten wir mit f\u00fchrenden Reedereien zusammen, um Ihnen eine exklusive M\u00f6glichkeit zu bieten: biz su<strong> 20% Rabatt auf die F\u00e4hre.<\/strong> Wenn Sie \u00fcber die offizielle Website buchen, haben Sie die einmalige Gelegenheit, von dieser erheblichen Erm\u00e4\u00dfigung auf den Preis Ihres Flugtickets nach Elba zu profitieren, was Ihre Reise zu Ihrem Urlaubsziel nicht nur angenehmer, sondern auch \u00e4u\u00dferst bequem macht.[\/vc_column_text][vc_empty_space][vc_btn title=&#8221;Buchen Sie die F\u00e4hre&#8221; style=&#8221;flat&#8221; shape=&#8221;square&#8221; color=&#8221;orange&#8221; align=&#8221;center&#8221; button_block=&#8221;true&#8221; link=&#8221;url:https%3A%2F%2Fwww.elbacampinglido.it%2Fde%2Ffaehre-elba-insel%2F&#8221;][\/vc_column][\/vc_row][vc_row full_width=&#8221;stretch_row_content_no_spaces&#8221; content_placement=&#8221;middle&#8221; css=&#8221;.vc_custom_1706781036946{background-position: center !important;background-repeat: no-repeat !important;background-size: cover !important;}&#8221; wpex_bg_overlay_blend=&#8221;lighten&#8221;][vc_column]<style> style=\"height:50px;\"<\/style><div class=\"vcex-spacing wpex-w-100 wpex-clear\" style=\"height:50px;\"><\/div><style class=\"vcex-carousel-preload-css\">.vcex_69e0c80c05b17{--wpex-carousel-gap:0px;}.vcex_69e0c80c05b17{--wpex-carousel-columns:1;}.vcex_69e0c80c05b17.wpex-carousel:not(.owl-loaded) > *:not(:nth-child(1n+2)) {display: flex !important;}@media only screen and (min-width: 480px) {.vcex_69e0c80c05b17{--wpex-carousel-columns:2;}.vcex_69e0c80c05b17.wpex-carousel:not(.owl-loaded) > *:not(:nth-child(1n+3)) {display: flex !important;}}@media only screen and (min-width: 768px) {.vcex_69e0c80c05b17{--wpex-carousel-columns:3;}.vcex_69e0c80c05b17.wpex-carousel:not(.owl-loaded) > *:not(:nth-child(1n+4)) {display: flex !important;}}@media only screen and (min-width: 960px) {.vcex_69e0c80c05b17{--wpex-carousel-columns:4;}.vcex_69e0c80c05b17.wpex-carousel:not(.owl-loaded) > *:not(:nth-child(1n+5)) {display: flex !important;}}<\/style><div class=\"vcex-module wpex-carousel wpex-carousel-images wpex-clr owl-carousel wpex-carousel--render-onload vcex_69e0c80c05b17 arrwstyle-min arrwpos-right\" data-wpex-carousel=\"{&quot;autoplay&quot;:&quot;true&quot;,&quot;margin&quot;:0,&quot;responsive&quot;:{&quot;0&quot;:{&quot;items&quot;:&quot;1&quot;},&quot;480&quot;:{&quot;items&quot;:&quot;2&quot;},&quot;768&quot;:{&quot;items&quot;:&quot;3&quot;},&quot;960&quot;:{&quot;items&quot;:&quot;4&quot;}}}\"><div class=\"wpex-carousel-slide\"><figure class=\"wpex-carousel-entry-media entry-media\"><img width=\"1200\" height=\"800\" src=\"https:\/\/www.elbacampinglido.it\/wp-content\/uploads\/2024\/03\/carosello-footer-02.jpg\" class=\"wpex-align-middle skip-lazy\" alt=\"\" data-no-lazy=\"1\" srcset=\"https:\/\/www.elbacampinglido.it\/wp-content\/uploads\/2024\/03\/carosello-footer-02.jpg 1200w, https:\/\/www.elbacampinglido.it\/wp-content\/uploads\/2024\/03\/carosello-footer-02-300x200.jpg 300w, https:\/\/www.elbacampinglido.it\/wp-content\/uploads\/2024\/03\/carosello-footer-02-1024x683.jpg 1024w, https:\/\/www.elbacampinglido.it\/wp-content\/uploads\/2024\/03\/carosello-footer-02-768x512.jpg 768w\" sizes=\"(max-width: 1200px) 100vw, 1200px\" \/><\/figure><\/div><div class=\"wpex-carousel-slide\"><figure class=\"wpex-carousel-entry-media entry-media\"><img width=\"2000\" height=\"1334\" src=\"https:\/\/www.elbacampinglido.it\/wp-content\/uploads\/2024\/09\/App-Lido-Mare-2-5.jpg\" class=\"wpex-align-middle skip-lazy\" alt=\"\" data-no-lazy=\"1\" srcset=\"https:\/\/www.elbacampinglido.it\/wp-content\/uploads\/2024\/09\/App-Lido-Mare-2-5.jpg 2000w, https:\/\/www.elbacampinglido.it\/wp-content\/uploads\/2024\/09\/App-Lido-Mare-2-5-300x200.jpg 300w, https:\/\/www.elbacampinglido.it\/wp-content\/uploads\/2024\/09\/App-Lido-Mare-2-5-1024x683.jpg 1024w, https:\/\/www.elbacampinglido.it\/wp-content\/uploads\/2024\/09\/App-Lido-Mare-2-5-768x512.jpg 768w, https:\/\/www.elbacampinglido.it\/wp-content\/uploads\/2024\/09\/App-Lido-Mare-2-5-1536x1025.jpg 1536w\" sizes=\"(max-width: 2000px) 100vw, 2000px\" \/><\/figure><\/div><div class=\"wpex-carousel-slide\"><figure class=\"wpex-carousel-entry-media entry-media\"><img width=\"1200\" height=\"800\" src=\"https:\/\/www.elbacampinglido.it\/wp-content\/uploads\/2024\/02\/isola-d-elba.jpg\" class=\"wpex-align-middle skip-lazy\" alt=\"\" data-no-lazy=\"1\" srcset=\"https:\/\/www.elbacampinglido.it\/wp-content\/uploads\/2024\/02\/isola-d-elba.jpg 1200w, https:\/\/www.elbacampinglido.it\/wp-content\/uploads\/2024\/02\/isola-d-elba-300x200.jpg 300w, https:\/\/www.elbacampinglido.it\/wp-content\/uploads\/2024\/02\/isola-d-elba-1024x683.jpg 1024w, https:\/\/www.elbacampinglido.it\/wp-content\/uploads\/2024\/02\/isola-d-elba-768x512.jpg 768w\" sizes=\"(max-width: 1200px) 100vw, 1200px\" \/><\/figure><\/div><div class=\"wpex-carousel-slide\"><figure class=\"wpex-carousel-entry-media entry-media\"><img width=\"1200\" height=\"800\" src=\"https:\/\/www.elbacampinglido.it\/wp-content\/uploads\/2024\/03\/camping-bambini-isola-d-elba.jpg\" class=\"wpex-align-middle skip-lazy\" alt=\"Camping Animazione Isola d&#039;Elba\" data-no-lazy=\"1\" srcset=\"https:\/\/www.elbacampinglido.it\/wp-content\/uploads\/2024\/03\/camping-bambini-isola-d-elba.jpg 1200w, https:\/\/www.elbacampinglido.it\/wp-content\/uploads\/2024\/03\/camping-bambini-isola-d-elba-300x200.jpg 300w, https:\/\/www.elbacampinglido.it\/wp-content\/uploads\/2024\/03\/camping-bambini-isola-d-elba-1024x683.jpg 1024w, https:\/\/www.elbacampinglido.it\/wp-content\/uploads\/2024\/03\/camping-bambini-isola-d-elba-768x512.jpg 768w\" sizes=\"(max-width: 1200px) 100vw, 1200px\" \/><\/figure><\/div><div class=\"wpex-carousel-slide\"><figure class=\"wpex-carousel-entry-media entry-media\"><img width=\"1200\" height=\"800\" src=\"https:\/\/www.elbacampinglido.it\/wp-content\/uploads\/2024\/03\/family-camping-elba.jpg\" class=\"wpex-align-middle skip-lazy\" alt=\"Family Camping Elba\" data-no-lazy=\"1\" srcset=\"https:\/\/www.elbacampinglido.it\/wp-content\/uploads\/2024\/03\/family-camping-elba.jpg 1200w, https:\/\/www.elbacampinglido.it\/wp-content\/uploads\/2024\/03\/family-camping-elba-300x200.jpg 300w, https:\/\/www.elbacampinglido.it\/wp-content\/uploads\/2024\/03\/family-camping-elba-1024x683.jpg 1024w, https:\/\/www.elbacampinglido.it\/wp-content\/uploads\/2024\/03\/family-camping-elba-768x512.jpg 768w\" sizes=\"(max-width: 1200px) 100vw, 1200px\" \/><\/figure><\/div><div class=\"wpex-carousel-slide\"><figure class=\"wpex-carousel-entry-media entry-media\"><img width=\"1200\" height=\"800\" src=\"https:\/\/www.elbacampinglido.it\/wp-content\/uploads\/2024\/03\/carosello-footer-04.jpg\" class=\"wpex-align-middle skip-lazy\" alt=\"\" data-no-lazy=\"1\" srcset=\"https:\/\/www.elbacampinglido.it\/wp-content\/uploads\/2024\/03\/carosello-footer-04.jpg 1200w, https:\/\/www.elbacampinglido.it\/wp-content\/uploads\/2024\/03\/carosello-footer-04-300x200.jpg 300w, https:\/\/www.elbacampinglido.it\/wp-content\/uploads\/2024\/03\/carosello-footer-04-1024x683.jpg 1024w, https:\/\/www.elbacampinglido.it\/wp-content\/uploads\/2024\/03\/carosello-footer-04-768x512.jpg 768w\" sizes=\"(max-width: 1200px) 100vw, 1200px\" \/><\/figure><\/div><div class=\"wpex-carousel-slide\"><figure class=\"wpex-carousel-entry-media entry-media\"><img width=\"1200\" height=\"800\" src=\"https:\/\/www.elbacampinglido.it\/wp-content\/uploads\/2024\/03\/carosello-footer-07.jpg\" class=\"wpex-align-middle skip-lazy\" alt=\"\" data-no-lazy=\"1\" srcset=\"https:\/\/www.elbacampinglido.it\/wp-content\/uploads\/2024\/03\/carosello-footer-07.jpg 1200w, https:\/\/www.elbacampinglido.it\/wp-content\/uploads\/2024\/03\/carosello-footer-07-300x200.jpg 300w, https:\/\/www.elbacampinglido.it\/wp-content\/uploads\/2024\/03\/carosello-footer-07-1024x683.jpg 1024w, https:\/\/www.elbacampinglido.it\/wp-content\/uploads\/2024\/03\/carosello-footer-07-768x512.jpg 768w\" sizes=\"(max-width: 1200px) 100vw, 1200px\" \/><\/figure><\/div><div class=\"wpex-carousel-slide\"><figure class=\"wpex-carousel-entry-media entry-media\"><img width=\"1800\" height=\"1200\" src=\"https:\/\/www.elbacampinglido.it\/wp-content\/uploads\/2024\/09\/colorpartyv1.jpg\" class=\"wpex-align-middle skip-lazy\" alt=\"\" data-no-lazy=\"1\" srcset=\"https:\/\/www.elbacampinglido.it\/wp-content\/uploads\/2024\/09\/colorpartyv1.jpg 1800w, https:\/\/www.elbacampinglido.it\/wp-content\/uploads\/2024\/09\/colorpartyv1-300x200.jpg 300w, https:\/\/www.elbacampinglido.it\/wp-content\/uploads\/2024\/09\/colorpartyv1-1024x683.jpg 1024w, https:\/\/www.elbacampinglido.it\/wp-content\/uploads\/2024\/09\/colorpartyv1-768x512.jpg 768w, https:\/\/www.elbacampinglido.it\/wp-content\/uploads\/2024\/09\/colorpartyv1-1536x1024.jpg 1536w\" sizes=\"(max-width: 1800px) 100vw, 1800px\" \/><\/figure><\/div><div class=\"wpex-carousel-slide\"><figure class=\"wpex-carousel-entry-media entry-media\"><img width=\"900\" height=\"600\" src=\"https:\/\/www.elbacampinglido.it\/wp-content\/uploads\/2024\/03\/camping-lido-04.jpg\" class=\"wpex-align-middle skip-lazy\" alt=\"Bar Camping Lido\" data-no-lazy=\"1\" srcset=\"https:\/\/www.elbacampinglido.it\/wp-content\/uploads\/2024\/03\/camping-lido-04.jpg 900w, https:\/\/www.elbacampinglido.it\/wp-content\/uploads\/2024\/03\/camping-lido-04-300x200.jpg 300w, https:\/\/www.elbacampinglido.it\/wp-content\/uploads\/2024\/03\/camping-lido-04-768x512.jpg 768w\" sizes=\"(max-width: 900px) 100vw, 900px\" \/><\/figure><\/div><div class=\"wpex-carousel-slide\"><figure class=\"wpex-carousel-entry-media entry-media\"><img width=\"1200\" height=\"800\" src=\"https:\/\/www.elbacampinglido.it\/wp-content\/uploads\/2024\/03\/carosello-footer-03.jpg\" class=\"wpex-align-middle skip-lazy\" alt=\"\" data-no-lazy=\"1\" srcset=\"https:\/\/www.elbacampinglido.it\/wp-content\/uploads\/2024\/03\/carosello-footer-03.jpg 1200w, https:\/\/www.elbacampinglido.it\/wp-content\/uploads\/2024\/03\/carosello-footer-03-300x200.jpg 300w, https:\/\/www.elbacampinglido.it\/wp-content\/uploads\/2024\/03\/carosello-footer-03-1024x683.jpg 1024w, https:\/\/www.elbacampinglido.it\/wp-content\/uploads\/2024\/03\/carosello-footer-03-768x512.jpg 768w\" sizes=\"(max-width: 1200px) 100vw, 1200px\" \/><\/figure><\/div><div class=\"wpex-carousel-slide\"><figure class=\"wpex-carousel-entry-media entry-media\"><img width=\"1200\" height=\"800\" src=\"https:\/\/www.elbacampinglido.it\/wp-content\/uploads\/2024\/03\/carosello-footer-05.jpg\" class=\"wpex-align-middle skip-lazy\" alt=\"\" data-no-lazy=\"1\" srcset=\"https:\/\/www.elbacampinglido.it\/wp-content\/uploads\/2024\/03\/carosello-footer-05.jpg 1200w, https:\/\/www.elbacampinglido.it\/wp-content\/uploads\/2024\/03\/carosello-footer-05-300x200.jpg 300w, https:\/\/www.elbacampinglido.it\/wp-content\/uploads\/2024\/03\/carosello-footer-05-1024x683.jpg 1024w, https:\/\/www.elbacampinglido.it\/wp-content\/uploads\/2024\/03\/carosello-footer-05-768x512.jpg 768w\" sizes=\"(max-width: 1200px) 100vw, 1200px\" \/><\/figure><\/div><div class=\"wpex-carousel-slide\"><figure class=\"wpex-carousel-entry-media entry-media\"><img width=\"1800\" height=\"1201\" src=\"https:\/\/www.elbacampinglido.it\/wp-content\/uploads\/2024\/09\/Giardino-3.jpg\" class=\"wpex-align-middle skip-lazy\" alt=\"\" data-no-lazy=\"1\" srcset=\"https:\/\/www.elbacampinglido.it\/wp-content\/uploads\/2024\/09\/Giardino-3.jpg 1800w, https:\/\/www.elbacampinglido.it\/wp-content\/uploads\/2024\/09\/Giardino-3-300x200.jpg 300w, https:\/\/www.elbacampinglido.it\/wp-content\/uploads\/2024\/09\/Giardino-3-1024x683.jpg 1024w, https:\/\/www.elbacampinglido.it\/wp-content\/uploads\/2024\/09\/Giardino-3-768x512.jpg 768w, https:\/\/www.elbacampinglido.it\/wp-content\/uploads\/2024\/09\/Giardino-3-1536x1025.jpg 1536w\" sizes=\"(max-width: 1800px) 100vw, 1800px\" \/><\/figure><\/div><\/div>[\/vc_column][\/vc_row]\n<\/div>","protected":false},"excerpt":{"rendered":"<p>[vc_row full_width=&#8221;stretch_row&#8221; content_placement=&#8221;middle&#8221; css=&#8221;.vc_custom_1709917991114{background-image: url(https:\/\/www.elbacampinglido.it\/wp-content\/uploads\/2024\/03\/offerte-hotel-isola-elba.jpg?id=2720) !important;background-position: center !important;background-repeat: no-repeat !important;background-size: cover !important;}&#8221; el_class=&#8221;min_height_pag_int&#8221;][vc_column width=&#8221;1\/4&#8243;][\/vc_column][vc_column width=&#8221;1\/2&#8243;][vc_column_text color=&#8221;#ffffff&#8221; el_class=&#8221;page-header-title&#8221;] Buchen bei uns zahlt sich aus [\/vc_column_text][\/vc_column][vc_column width=&#8221;1\/4&#8243;][\/vc_column][\/vc_row][vc_row content_placement=&#8221;middle&#8221; equal_height=&#8221;yes&#8221; el_class=&#8221;mtd120 mtm60&#8243; css=&#8221;.vc_custom_1706898862220{margin-bottom: 30px !important;}&#8221;][vc_column css_animation=&#8221;fadeInLeft&#8221; css=&#8221;.vc_custom_1707214290367{padding-top: 30px !important;padding-right: 30px !important;padding-left: 30px !important;background-position: center !important;background-repeat: no-repeat !important;background-size: contain !important;}&#8221; wpex_bg_position=&#8221;0% 0%&#8221; el_class=&#8221;mtm60&#8243;][vc_row_inner][vc_column_inner width=&#8221;1\/4&#8243;][vc_column_text font_size=&#8221;15px&#8221; text_transform=&#8221;uppercase&#8221; color=&#8221;#f9b233&#8243; letter_spacing=&#8221;wide&#8221; font_weight=&#8221;700&#8243;]Bestpreis-Garantie[\/vc_column_text][vc_column_text&hellip;<\/p>\n","protected":false},"author":3,"featured_media":0,"parent":0,"menu_order":0,"comment_status":"closed","ping_status":"closed","template":"","meta":{"inline_featured_image":false,"footnotes":""},"class_list":["post-3351","page","type-page","status-publish","hentry","entry","no-media"],"_links":{"self":[{"href":"https:\/\/www.elbacampinglido.it\/de\/wp-json\/wp\/v2\/pages\/3351","targetHints":{"allow":["GET"]}}],"collection":[{"href":"https:\/\/www.elbacampinglido.it\/de\/wp-json\/wp\/v2\/pages"}],"about":[{"href":"https:\/\/www.elbacampinglido.it\/de\/wp-json\/wp\/v2\/types\/page"}],"author":[{"embeddable":true,"href":"https:\/\/www.elbacampinglido.it\/de\/wp-json\/wp\/v2\/users\/3"}],"replies":[{"embeddable":true,"href":"https:\/\/www.elbacampinglido.it\/de\/wp-json\/wp\/v2\/comments?post=3351"}],"version-history":[{"count":5,"href":"https:\/\/www.elbacampinglido.it\/de\/wp-json\/wp\/v2\/pages\/3351\/revisions"}],"predecessor-version":[{"id":4358,"href":"https:\/\/www.elbacampinglido.it\/de\/wp-json\/wp\/v2\/pages\/3351\/revisions\/4358"}],"wp:attachment":[{"href":"https:\/\/www.elbacampinglido.it\/de\/wp-json\/wp\/v2\/media?parent=3351"}],"curies":[{"name":"wp","href":"https:\/\/api.w.org\/{rel}","templated":true}]}}