{"id":4442,"date":"2024-11-29T17:51:58","date_gmt":"2024-11-29T16:51:58","guid":{"rendered":"https:\/\/www.elbacampinglido.it\/newsletter\/"},"modified":"2024-12-05T14:12:44","modified_gmt":"2024-12-05T13:12:44","slug":"newsletter","status":"publish","type":"page","link":"https:\/\/www.elbacampinglido.it\/de\/newsletter\/","title":{"rendered":"Newsletter"},"content":{"rendered":"<div class=\"wpb-content-wrapper\">[vc_row full_width=&#8221;stretch_row&#8221; content_placement=&#8221;middle&#8221; css=&#8221;.vc_custom_1732900263027{background-image: url(https:\/\/www.elbacampinglido.it\/wp-content\/uploads\/2024\/09\/Campeggio-1.jpg?id=4016) !important;background-position: center !important;background-repeat: no-repeat !important;background-size: cover !important;}&#8221; el_class=&#8221;min_height_pag_int&#8221;][vc_column width=&#8221;1\/4&#8243;][\/vc_column][vc_column width=&#8221;1\/2&#8243;][vc_column_text color=&#8221;#ffffff&#8221; el_class=&#8221;page-header-title&#8221;]\n<h1 style=\"text-align: center;\">Newsletter<\/h1>\n[\/vc_column_text][\/vc_column][vc_column width=&#8221;1\/4&#8243;][\/vc_column][\/vc_row][vc_row equal_height=&#8221;yes&#8221; el_class=&#8221;mtd120 mtm60&#8243; css=&#8221;.vc_custom_1709555898626{margin-bottom: 35px !important;}&#8221;][vc_column width=&#8221;1\/4&#8243; css=&#8221;.vc_custom_1732900408295{padding-top: 30px !important;padding-right: 30px !important;padding-bottom: 30px !important;padding-left: 30px !important;background-color: #f1f9f8 !important;}&#8221;][vc_custom_heading text=&#8221;Lido Freunde&#8221; font_container=&#8221;tag:h2|text_align:left|color:%23f9b233&#8243; use_theme_fonts=&#8221;yes&#8221;][vc_column_text el_class=&#8221;mtd40 mtm30&#8243;]\n<ul>\n<li>5% Rabatt f\u00fcr Mitglieder reserviert<\/li>\n<li>Bestpreis-Garantie<\/li>\n<li>Beste Stornierungsbedingungen<\/li>\n<li>Exklusive Angebote<\/li>\n<\/ul>\n[\/vc_column_text]<style> style=\"height:20px;\"<\/style><div class=\"vcex-spacing wpex-w-100 wpex-clear\" style=\"height:20px;\"><\/div>[\/vc_column][vc_column width=&#8221;3\/4&#8243; el_class=&#8221;min_height_foto_pag_int order_1 mtm60&#8243;][vc_column_text css=&#8221;.vc_custom_1732900198504{padding-top: 15px !important;}&#8221; color=&#8221;#4499b8&#8243; text_transform=&#8221;uppercase&#8221;]\n<h2>Registrieren Sie sich<\/h2>\n[\/vc_column_text][vc_column_text el_class=&#8221;mtd40 mtm30&#8243;]Melden Sie sich f\u00fcr einen <strong>exklusiven Lido Friends-Kreis<\/strong> an, und Sie haben Zugang zu einer Reihe von einzigartigen Vorteilen.<\/p>\n<p><em>Ihre Privatsph\u00e4re und Ihr Komfort sind unsere Priorit\u00e4t. Wenn Sie unsere Mitteilungen nicht mehr erhalten m\u00f6chten, k\u00f6nnen Sie sie mit einem einfachen Klick abbestellen.<\/em>[\/vc_column_text][vc_raw_html]JTNDZGl2JTIwaWQlM0QlMjJtYy1zdWJzY3JpYmUlMjIlM0UlM0MlMkZkaXYlM0UlMEElM0NzY3JpcHQlM0UlMEElMjhmdW5jdGlvbiUyOGRvYyUyQyUyMHRhZyUyQyUyMGlkJTI5JTdCJTBBJTIwJTIwJTIwdmFyJTIwanMlMjAlM0QlMjBkb2MuZ2V0RWxlbWVudHNCeVRhZ05hbWUlMjh0YWclMjklNUIwJTVEJTNCJTBBJTIwJTIwJTIwaWYlMjAlMjhkb2MuZ2V0RWxlbWVudEJ5SWQlMjhpZCUyOSUyOSUyMCU3QnJldHVybiUzQiU3RCUwQSUyMCUyMCUyMGpzJTIwJTNEJTIwZG9jLmNyZWF0ZUVsZW1lbnQlMjh0YWclMjklM0IlMjBqcy5pZCUyMCUzRCUyMGlkJTNCJTBBJTIwJTIwJTIwanMuc3JjJTIwJTNEJTIwJTIyaHR0cHMlM0ElMkYlMkZ1c2VyLm1haWxjb20uaXQlMkZhcGklMkZ3aWRnZXQlMkZzdWJzY3JpYmUtNS5qcyUyMiUzQiUwQSUyMCUyMCUyMGpzLnR5cGUlMjAlM0QlMjAlMjJ0ZXh0JTJGamF2YXNjcmlwdCUyMiUzQiUwQSUyMCUyMCUyMGRvYy5ib2R5LmFwcGVuZENoaWxkJTI4anMlMjklM0IlMEElN0QlMjhkb2N1bWVudCUyQyUyMCUyN3NjcmlwdCUyNyUyQyUyMCUyN21jLXN1YnNjcmliZS1mb3JtJTI3JTI5JTI5JTNCJTBBd2luZG93Lm9ubG9hZCUyMCUzRCUyMGZ1bmN0aW9uJTI4JTI5JTIwJTdCJTBBJTIwJTIwTWNTdWJzY3JpYmVGb3JtV2lkZ2V0LnNldE9wdGlvbnMlMjglN0IlMEElMjAlMjAlMjAlMjBhcGlLZXklM0ElMjAlMjc4OGVlN2U1MzIzOTJmNDExMTg2MDk1NTM1NzU3MDI2NDJiMjI3NWU0JTI3JTJDJTIwJTJGJTJBJTIwJTI4c3RyaW5nJTI5JTIwYXBpJTIwa2V5JTIwJTJBJTJGJTBBJTIwJTIwJTIwJTIwdGFyZ2V0SWQlM0ElMjAlMjdtYy1zdWJzY3JpYmUlMjclMkMlMjAlMkYlMkElMjAlMjhzdHJpbmclMjklMjBpZCUyMGNvbnRhaW5lciUyMCUyQSUyRiUwQSUyMCUyMCUyMCUyMGxhbmd1YWdlJTNBJTIwJTI3ZGUlMjclMkMlMjAlMkYlMkElMjAlMjhzdHJpbmclMjklMjBpdCUyQyUyMGVzJTJDJTIwZW4lMkMlMjBkZSUyQyUyMGZyJTJDJTIwbmwlMjAlMkElMkYlMEElMjAlMjAlMjAlMjBsaXN0cyUzQSUyMCUyN01DTFNULTE3ODUlMjclMkMlMjAlMkYlMkElMjAlMjhzdHJpbmclMjklMjBmYWxzZSUyQyUyMGFsbCUyMG9yJTIwbGlzdHNfaWQlMjBjb21tYSUyMHNlcGFyYXRlZCUyMCUyQSUyRiUwQSUyMCUyMCUyMCUyMGxpc3RzX2Nob2ljZSUzQSUyMCUyN2ZhbHNlJTI3JTJDJTIwJTJGJTJBJTIwJTI4c3RyaW5nJTI5JTIwZmFsc2UlMjBvciUyMHRydWUlMjAlMkElMkYlMEElMjAlMjAlMjAlMjBhdHRyJTNBJTIwJTI3ZmFsc2UlMjclMkMlMjAlMkYlMkElMjAlMjhzdHJpbmclMjklMjBmYWxzZSUyQyUyMGFsbCUyMG9yJTIwYXR0cl9pZCUyMGNvbW1hJTIwc2VwYXJhdGVkJTIwJTJBJTJGJTBBJTIwJTIwJTIwJTIwY0V4aXN0JTNBJTIwJTI3MSUyNyUyQyUwQSUyMCUyMCUyMCUyMGNPdGhlckxpc3QlM0ElMjAlMjcxJTI3JTJDJTBBJTIwJTIwJTIwJTIwdHJpZ2dlcklkJTNBJTIwJTI3ZmFsc2UlMjclMkMlMjAlMkYlMkElMjAlMjhzdHJpbmclMjklMjBmYWxzZSUyQyUyMHRyaWdnZXJfaWQlMjBjb21tYSUyMHNlcGFyYXRlZCUyMCUyQSUyRiUwQSUyMCUyMCUyMCUyMHRoZW1lJTNBJTIwJTdCJTBBJTA5JTA5JTA5YmFja2dyb3VuZCUzQSUyMCUyN3RyYW5zcGFyZW50JTI3JTJDJTIwJTJGJTJBJTIwZm9ybSUyMGJhY2tncm91bmQlMjBjb2xvciUyMCUyQSUyRiUwQSUwOSUwOSUwOWZvbnQlM0ElMjAlMjdBcmlhbCUyQyUyMHNhbnMtc2VyaWYlMjclMkMlMjAlMkYlMkElMjBmb250JTIwZmFtaWx5JTIwJTJBJTJGJTBBJTIwJTIwJTIwJTIwJTIwJTIwYWxpZ24lM0ElMjAlMjdsZWZ0JTI3JTJDJTIwJTJGJTJBJTIwYWxpZ24lMjAlMkElMkYlMEElMDklMDklMDl0eHRfY29sb3IlM0ElMjAlMjclMjNGRkZGRkYlMjclMkMlMjAlMkYlMkElMjBsYWJlbCUyMHRleHQlMjBjb2xvciUyMCUyQSUyRiUwQSUwOSUwOSUwOXR4dF9zaXplJTNBJTIwJTI3MTZweCUyNyUyQyUyMCUyRiUyQSUyMGxhYmVsJTIwdGV4dCUyMHNpemUlMjAlMkElMkYlMEElMjAlMjAlMjAlMjAlMjAlMjBmb3JtX2JhY2tncm91bmQlM0ElMjAlMjd3aGl0ZSUyNyUyQyUyMCUyRiUyQSUyMGlucHV0JTIwYmFja2dyb3VuZCUyMGNvbG9yJTIwJTJBJTJGJTBBJTA5JTA5JTA5Zm9ybV90eHRfY29sb3IlM0ElMjAlMjdibGFjayUyNyUyQyUyMCUyRiUyQSUyMGlucHV0JTIwdGV4dCUyMGNvbG9yJTIwJTJBJTJGJTBBJTA5JTA5JTA5YnRuX2JhY2tncm91bmQlM0ElMjAlMjclMjMyOGE3NDUlMjclMkMlMjAlMkYlMkElMjBidXR0b24lMjBiYWNrZ3JvdW5kJTIwY29sb3IlMjAlMkElMkYlMEElMDklMDklMDlidG5fY29sb3IlM0ElMjAlMjclMjNGRkZGRkYlMjclMkMlMjAlMkYlMkElMjBidXR0b24lMjB0ZXh0JTIwY29sb3IlMjAlMkElMkYlMEElMDklMDklMDlidG5fc2l6ZSUzQSUyMCUyNzE4cHglMjclMjAlMkYlMkElMjBidXR0b24lMjB0ZXh0JTIwc2l6ZSUyMCUyQSUyRiUwQSUwOSUwOSU3RCUyQyUwQSUyMCUyMCUyMGxhYmVsVHh0JTNBJTIwJTdCJTBBJTIwJTIwJTIwJTIwJTIwJTIwdHh0X2xpc3RzX2Nob2ljZSUzQSUyMCU3QiUwQSUyMCUyMCUyMCUyMCUyMCUyMCUyMCUyMCUyMCUyMGRlJTNBJTIwJTI3TGlzdGUlMjBhdXN3JUMzJUE0aGxlbiUyNyUyQyUwQSUyMCUyMCUyMCUyMCUyMCUyMCU3RCUyQyUwQSUyMCUyMCUyMCUyMCUyMCUyMHR4dF9wcml2YWN5X2FjY2VwdGFuY2UlM0ElMjAlN0IlMEElMjAlMjAlMjAlMjAlMjAlMjAlMjAlMjAlMjAlMjBkZSUzQSUyMCUyN0ljaCUyMG0lQzMlQjZjaHRlJTIwZGVuJTIwTmV3c2xldHRlciUyMGFib25uaWVyZW4lMjB1bmQlMjBzdGltbWUlMjBkZXIlMjBWZXJhcmJlaXR1bmclMjBtZWluZXIlMjBwZXJzb25lbmJlem9nZW5lbiUyMERhdGVuJTIwenUlMjclMkMlMEElMjAlMjAlMjAlMjAlMjAlMjAlN0QlMkMlMEElMjAlMjAlMjAlMjAlMjAlMjB0eHRfc3Vic2NyaWJlX3N1Y2Nlc3NfdGl0bGUlM0ElMjAlN0IlMEElMjAlMjAlMjAlMjAlMjAlMjAlMjAlMjAlMjAlMjBkZSUzQSUyMCUyN0FubWVsZHVuZyUyMGVyZm9sZ3JlaWNoJTIxJTI3JTJDJTBBJTIwJTIwJTIwJTIwJTIwJTIwJTdEJTJDJTBBJTIwJTIwJTIwJTIwJTIwJTIwdHh0X3N1YnNjcmliZV9zdWNjZXNzJTNBJTIwJTdCJTBBJTIwJTIwJTIwJTIwJTIwJTIwJTIwJTIwJTIwJTIwZGUlM0ElMjAlMjclQzMlOUNiZXJwciVDMyVCQ2ZlbiUyMFNpZSUyMGRpZSUyMGFuZ2VnZWJlbmUlMjBFLU1haWwtQWRyZXNzZSUyQyUyMHVtJTIwSWhyZSUyMEFubWVsZHVuZyUyMHp1JTIwYmVzdCVDMyVBNHRpZ2VuJTI3JTJDJTBBJTIwJTIwJTIwJTIwJTIwJTIwJTdEJTJDJTBBJTIwJTIwJTIwJTIwJTIwJTIwYnRuX2lzY3Jpdml0aSUzQSUyMCU3QiUwQSUyMCUyMCUyMCUyMCUyMCUyMCUyMCUyMCUyMCUyMGRlJTNBJTIwJTI3YWJvbm5pZXJlbiUyNyUyQyUwQSUyMCUyMCUyMCUyMCUyMCUyMCU3RCUwQSU3RCUwQSUwQSUyMCUyMCU3RCUyOSUzQiUwQSUyMCUyME1jU3Vic2NyaWJlRm9ybVdpZGdldC5yZW5kZXIlMjglMjklM0IlMEElN0QlMEElM0MlMkZzY3JpcHQlM0U=[\/vc_raw_html][\/vc_column][\/vc_row]\n<\/div>","protected":false},"excerpt":{"rendered":"<p>[vc_row full_width=&#8221;stretch_row&#8221; content_placement=&#8221;middle&#8221; css=&#8221;.vc_custom_1732900263027{background-image: url(https:\/\/www.elbacampinglido.it\/wp-content\/uploads\/2024\/09\/Campeggio-1.jpg?id=4016) !important;background-position: center !important;background-repeat: no-repeat !important;background-size: cover !important;}&#8221; el_class=&#8221;min_height_pag_int&#8221;][vc_column width=&#8221;1\/4&#8243;][\/vc_column][vc_column width=&#8221;1\/2&#8243;][vc_column_text color=&#8221;#ffffff&#8221; el_class=&#8221;page-header-title&#8221;] Newsletter [\/vc_column_text][\/vc_column][vc_column width=&#8221;1\/4&#8243;][\/vc_column][\/vc_row][vc_row equal_height=&#8221;yes&#8221; el_class=&#8221;mtd120 mtm60&#8243; css=&#8221;.vc_custom_1709555898626{margin-bottom: 35px !important;}&#8221;][vc_column width=&#8221;1\/4&#8243; css=&#8221;.vc_custom_1732900408295{padding-top: 30px !important;padding-right: 30px !important;padding-bottom: 30px !important;padding-left: 30px !important;background-color: #f1f9f8 !important;}&#8221;][vc_custom_heading text=&#8221;Lido Freunde&#8221; font_container=&#8221;tag:h2|text_align:left|color:%23f9b233&#8243; use_theme_fonts=&#8221;yes&#8221;][vc_column_text el_class=&#8221;mtd40 mtm30&#8243;] 5% Rabatt f\u00fcr Mitglieder reserviert Bestpreis-Garantie Beste Stornierungsbedingungen Exklusive Angebote [\/vc_column_text][\/vc_column][vc_column&hellip;<\/p>\n","protected":false},"author":3,"featured_media":0,"parent":0,"menu_order":0,"comment_status":"closed","ping_status":"closed","template":"","meta":{"inline_featured_image":false,"footnotes":""},"class_list":["post-4442","page","type-page","status-publish","hentry","entry","no-media"],"_links":{"self":[{"href":"https:\/\/www.elbacampinglido.it\/de\/wp-json\/wp\/v2\/pages\/4442","targetHints":{"allow":["GET"]}}],"collection":[{"href":"https:\/\/www.elbacampinglido.it\/de\/wp-json\/wp\/v2\/pages"}],"about":[{"href":"https:\/\/www.elbacampinglido.it\/de\/wp-json\/wp\/v2\/types\/page"}],"author":[{"embeddable":true,"href":"https:\/\/www.elbacampinglido.it\/de\/wp-json\/wp\/v2\/users\/3"}],"replies":[{"embeddable":true,"href":"https:\/\/www.elbacampinglido.it\/de\/wp-json\/wp\/v2\/comments?post=4442"}],"version-history":[{"count":3,"href":"https:\/\/www.elbacampinglido.it\/de\/wp-json\/wp\/v2\/pages\/4442\/revisions"}],"predecessor-version":[{"id":4445,"href":"https:\/\/www.elbacampinglido.it\/de\/wp-json\/wp\/v2\/pages\/4442\/revisions\/4445"}],"wp:attachment":[{"href":"https:\/\/www.elbacampinglido.it\/de\/wp-json\/wp\/v2\/media?parent=4442"}],"curies":[{"name":"wp","href":"https:\/\/api.w.org\/{rel}","templated":true}]}}