{"id":4567,"date":"2025-04-07T18:04:30","date_gmt":"2025-04-07T16:04:30","guid":{"rendered":"https:\/\/www.elbacampinglido.it\/orari-voli-tratte-isola-elba\/"},"modified":"2025-04-15T12:41:13","modified_gmt":"2025-04-15T10:41:13","slug":"flieg-zur-insel-elba","status":"publish","type":"page","link":"https:\/\/www.elbacampinglido.it\/de\/flieg-zur-insel-elba\/","title":{"rendered":"Fl\u00fcge"},"content":{"rendered":"<div class=\"wpb-content-wrapper\">[vc_row full_width=&#8221;stretch_row&#8221; content_placement=&#8221;middle&#8221; css=&#8221;.vc_custom_1744041603816{background-image: url(https:\/\/www.elbacampinglido.it\/wp-content\/uploads\/2025\/04\/voli-isola-d-elba.jpg?id=4560) !important;}&#8221; el_class=&#8221;min_height_pag_int&#8221; wpex_bg_position=&#8221;40 20&#8243;][vc_column width=&#8221;1\/4&#8243;][\/vc_column][vc_column width=&#8221;1\/2&#8243;][vc_column_text color=&#8221;#ffffff&#8221; el_class=&#8221;page-header-title&#8221;]\n<h1 style=\"text-align: center;\">Die Insel Elba<br \/>\nist schnell und einfach mit dem Flugzeug zu erreichen.<\/h1>\n[\/vc_column_text][\/vc_column][vc_column width=&#8221;1\/4&#8243;][\/vc_column][\/vc_row][vc_row content_placement=&#8221;middle&#8221; equal_height=&#8221;yes&#8221; el_class=&#8221;mtd120 mtm60&#8243; css=&#8221;.vc_custom_1706898862220{margin-bottom: 30px !important;}&#8221;][vc_column css_animation=&#8221;fadeInLeft&#8221; css=&#8221;.vc_custom_1707214290367{padding-top: 30px !important;padding-right: 30px !important;padding-left: 30px !important;background-position: center !important;background-repeat: no-repeat !important;background-size: contain !important;}&#8221; wpex_bg_position=&#8221;0% 0%&#8221; el_class=&#8221;mtm60&#8243;][vc_row_inner][vc_column_inner width=&#8221;1\/4&#8243;][vc_column_text font_size=&#8221;15px&#8221; text_transform=&#8221;uppercase&#8221; color=&#8221;#f9b233&#8243; letter_spacing=&#8221;wide&#8221; font_weight=&#8221;700&#8243;]Erreichen Sie die Insel Elba mit dem Flugzeug[\/vc_column_text][vc_column_text css=&#8221;.vc_custom_1744041678880{padding-top: 15px !important;}&#8221; color=&#8221;#4499b8&#8243;]Sehen Sie sich die Routen und Fahrpl\u00e4ne an: Ihr Urlaub wartet auf Sie![\/vc_column_text][vc_column_text css=&#8221;.vc_custom_1707236227385{padding-top: 15px !important;}&#8221; color=&#8221;#4499b8&#8243;]\n<hr class=\"blu\">\n[\/vc_column_text]\t<style><\/style>\n<div class=\"vcex-spacing wpex-w-100 wpex-clear vcex_69fcbfa449b2f\"><\/div><a href=\"https:\/\/www.elbaisland-airport.it\/\" class=\"vcex-button theme-button inline\" target=\"_blank\" rel=\"noopener noreferrer\"><span class=\"vcex-button-inner theme-button-inner\">Siehe offizielle Fahrpl\u00e4ne<\/span><\/a> [\/vc_column_inner][vc_column_inner width=&#8221;3\/4&#8243;][vc_column_text el_class=&#8221;mtd40 mtm30&#8243;]Die Insel Elba ist gar nicht so weit weg: Neben der <a href=\"https:\/\/www.elbacampinglido.it\/de\/faehre-elba-insel\/\">F\u00e4hre<\/a> k\u00f6nnen Sie sie auch bequem mit dem Flugzeug erreichen. Dank der Direktfl\u00fcge von einigen italienischen und europ\u00e4ischen St\u00e4dten aus ist die Insel einfacher und schneller zu erreichen, als Sie denken. <\/p>\n<p class=\"\" data-start=\"335\" data-end=\"641\">Der Flughafen befindet sich in Marina di Campo an der S\u00fcdwestk\u00fcste und ist der Hauptflughafen f\u00fcr diejenigen, die ohne Zwischenschritte direkt auf Elba landen m\u00f6chten. Er ist klein, praktisch und gut angebunden. Er wird das ganze Jahr \u00fcber von <strong>Pisa<\/strong> und <strong>Florenz<\/strong> aus angeflogen und w\u00e4hrend der Sommersaison auch von <strong>Mailand Linate<\/strong> aus. <\/p>\n<p class=\"\" data-start=\"643\" data-end=\"878\">Wenn Sie gelandet sind, brauchen Sie nur etwa 20 Minuten mit dem Auto, um <strong data-start=\"718\" data-end=\"739\">Elba Camping Lido<\/strong> in dem sch\u00f6nen Ferienort Lido di Capoliveri zu erreichen. Eine kurze und landschaftlich reizvolle Fahrt, die Sie direkt von Ihrem Flug zu Ihrem Urlaub am Meer bringt. <\/p>\n<p class=\"\" data-start=\"880\" data-end=\"1020\">Ob f\u00fcr ein paar Tage oder einen Familienurlaub, ein Flug nach Elba ist eine bequeme, schnelle und zunehmend beliebte Option.<\/p>\n[\/vc_column_text]<div class=\"vcex-spacing wpex-w-100 wpex-clear\"><\/div>[\/vc_column_inner][\/vc_row_inner][vc_row_inner][vc_column_inner width=&#8221;1\/6&#8243;][\/vc_column_inner][vc_column_inner width=&#8221;2\/3&#8243;][vc_column_text color=&#8221;#4499b8&#8243; css=&#8221;.vc_custom_1744041737373{padding-top: 15px !important;}&#8221;]\n<h2 style=\"text-align: center;\">Fahrpl\u00e4ne und Routen<\/h2>\n[\/vc_column_text][vc_column_text el_class=&#8221;mtd40 mtm30&#8243;]Die neuen Flugverbindungen von und nach <strong>Pisa<\/strong>, <strong>Florenz<\/strong> und <strong>Mailand-Linate<\/strong> werden von <strong>Small Fly Airlines<\/strong> mit Fl\u00fcgen von April bis September und t\u00e4glichen Frequenzen betrieben. Hinzu kommen saisonale internationale Verbindungen, die von <strong>Private Wings<\/strong> und <strong>MHS Aviation<\/strong> mit Abfl\u00fcgen aus <strong>Deutschland<\/strong> und <strong>der Schweiz<\/strong> betrieben werden. Der w\u00f6chentliche Flugplan umfasst in den Sommermonaten mehr t\u00e4gliche Rotationen und eine vollst\u00e4ndige Abdeckung von Montag bis Sonntag.  <\/p>\n<h4>Allgemeine G\u00fcltigkeit<\/h4>\n<p><strong>April &#8211; Mai:<\/strong> 14\/4 bis 31\/5<br \/>\nJuni <strong>&#8211; September:<\/strong> 1\/6 bis 30\/9<br \/>\n<strong>Mai &#8211; August:<\/strong> internationale Fl\u00fcge von\/nach Altenrhein (CH) von 7\/5 bis 6\/8<br \/>\n<strong>September &#8211; Oktober:<\/strong> Fl\u00fcge von\/nach Altenrhein (CH) und Friedrichshafen (D) vom 29\/8 bis 10\/10<br \/>\n<strong>Mai &#8211; Oktober:<\/strong> Fl\u00fcge von\/nach Mannheim (D)[\/vc_column_text][vc_column_text]\n<h4>W\u00f6chentliche Routen<\/h4>\n<p><strong>Montags:<\/strong> Bis zu 10 Fl\u00fcge; Doppelrotationen nach Florenz und Pisa. Nur im Sommer auch Fl\u00fcge nach\/von Mailand Linate. <\/p>\n<p><strong>Dienstags und mittwochs:<\/strong> nur Florenz-Fl\u00fcge (April-Mai); ab Juni auch Pisa-Fl\u00fcge (mittags). \u00c4hnliche Struktur f\u00fcr beide Tage. <\/p>\n<p><strong>Donnerstag:<\/strong> Nur internationale Fl\u00fcge nach\/von Mannheim (Deutschland) mit Private Wings.<\/p>\n<p><strong>Freitag:<\/strong> bis zu 8 Fl\u00fcge nach Florenz, Pisa, Mailand Linate und zus\u00e4tzlich Friedrichshafen und Bern (ab Ende August).<\/p>\n<p><strong>Samstag:<\/strong> Hauptrotationen nach Pisa und Florenz; bis zu 6 Fl\u00fcge im Sommer.<\/p>\n<p><strong>Sonntag:<\/strong> Wie Samstag, aber zus\u00e4tzlich mit Fl\u00fcgen nach Mailand Linate und Mannheim.[\/vc_column_text]<div class=\"vcex-spacing wpex-w-100 wpex-clear\"><\/div><a href=\"https:\/\/www.elbaisland-airport.it\/\" class=\"vcex-button theme-button inline\" target=\"_blank\" rel=\"noopener noreferrer\"><span class=\"vcex-button-inner theme-button-inner\">Siehe offizielle Fahrpl\u00e4ne<\/span><\/a> [\/vc_column_inner][vc_column_inner width=&#8221;1\/6&#8243;][\/vc_column_inner][\/vc_row_inner][\/vc_column][\/vc_row][vc_row full_width=&#8221;stretch_row_content_no_spaces&#8221; content_placement=&#8221;middle&#8221; css=&#8221;.vc_custom_1706781036946{background-position: center !important;background-repeat: no-repeat !important;background-size: cover !important;}&#8221; wpex_bg_overlay_blend=&#8221;lighten&#8221;][vc_column]<style> style=\"height:50px;\"<\/style><div class=\"vcex-spacing wpex-w-100 wpex-clear\" style=\"height:50px;\"><\/div><style class=\"vcex-carousel-preload-css\">.vcex_69fcbfa4506b6{--wpex-carousel-gap:0px;}.vcex_69fcbfa4506b6{--wpex-carousel-columns:1;}.vcex_69fcbfa4506b6.wpex-carousel:not(.owl-loaded) > *:not(:nth-child(1n+2)) {display: flex !important;}@media only screen and (min-width: 480px) {.vcex_69fcbfa4506b6{--wpex-carousel-columns:2;}.vcex_69fcbfa4506b6.wpex-carousel:not(.owl-loaded) > *:not(:nth-child(1n+3)) {display: flex !important;}}@media only screen and (min-width: 768px) {.vcex_69fcbfa4506b6{--wpex-carousel-columns:3;}.vcex_69fcbfa4506b6.wpex-carousel:not(.owl-loaded) > *:not(:nth-child(1n+4)) {display: flex !important;}}@media only screen and (min-width: 960px) {.vcex_69fcbfa4506b6{--wpex-carousel-columns:4;}.vcex_69fcbfa4506b6.wpex-carousel:not(.owl-loaded) > *:not(:nth-child(1n+5)) {display: flex !important;}}<\/style><div class=\"vcex-module wpex-carousel wpex-carousel-images wpex-clr owl-carousel wpex-carousel--render-onload vcex_69fcbfa4506b6 arrwstyle-min arrwpos-right\" data-wpex-carousel=\"{&quot;autoplay&quot;:&quot;true&quot;,&quot;margin&quot;:0,&quot;responsive&quot;:{&quot;0&quot;:{&quot;items&quot;:&quot;1&quot;},&quot;480&quot;:{&quot;items&quot;:&quot;2&quot;},&quot;768&quot;:{&quot;items&quot;:&quot;3&quot;},&quot;960&quot;:{&quot;items&quot;:&quot;4&quot;}}}\"><div class=\"wpex-carousel-slide\"><figure class=\"wpex-carousel-entry-media entry-media\"><img width=\"1200\" height=\"800\" src=\"https:\/\/www.elbacampinglido.it\/wp-content\/uploads\/2024\/03\/carosello-footer-01.jpg\" class=\"wpex-align-middle skip-lazy\" alt=\"\" data-no-lazy=\"1\" srcset=\"https:\/\/www.elbacampinglido.it\/wp-content\/uploads\/2024\/03\/carosello-footer-01.jpg 1200w, https:\/\/www.elbacampinglido.it\/wp-content\/uploads\/2024\/03\/carosello-footer-01-300x200.jpg 300w, https:\/\/www.elbacampinglido.it\/wp-content\/uploads\/2024\/03\/carosello-footer-01-1024x683.jpg 1024w, https:\/\/www.elbacampinglido.it\/wp-content\/uploads\/2024\/03\/carosello-footer-01-768x512.jpg 768w\" sizes=\"(max-width: 1200px) 100vw, 1200px\" \/><\/figure><\/div><div class=\"wpex-carousel-slide\"><figure class=\"wpex-carousel-entry-media entry-media\"><img width=\"1200\" height=\"800\" src=\"https:\/\/www.elbacampinglido.it\/wp-content\/uploads\/2024\/03\/carosello-footer-02.jpg\" class=\"wpex-align-middle skip-lazy\" alt=\"\" data-no-lazy=\"1\" srcset=\"https:\/\/www.elbacampinglido.it\/wp-content\/uploads\/2024\/03\/carosello-footer-02.jpg 1200w, https:\/\/www.elbacampinglido.it\/wp-content\/uploads\/2024\/03\/carosello-footer-02-300x200.jpg 300w, https:\/\/www.elbacampinglido.it\/wp-content\/uploads\/2024\/03\/carosello-footer-02-1024x683.jpg 1024w, https:\/\/www.elbacampinglido.it\/wp-content\/uploads\/2024\/03\/carosello-footer-02-768x512.jpg 768w\" sizes=\"(max-width: 1200px) 100vw, 1200px\" \/><\/figure><\/div><div class=\"wpex-carousel-slide\"><figure class=\"wpex-carousel-entry-media entry-media\"><img width=\"1200\" height=\"800\" src=\"https:\/\/www.elbacampinglido.it\/wp-content\/uploads\/2024\/02\/villaggio-mare-toscana.jpg\" class=\"wpex-align-middle skip-lazy\" alt=\"villaggio-mare-toscana\" data-no-lazy=\"1\" srcset=\"https:\/\/www.elbacampinglido.it\/wp-content\/uploads\/2024\/02\/villaggio-mare-toscana.jpg 1200w, https:\/\/www.elbacampinglido.it\/wp-content\/uploads\/2024\/02\/villaggio-mare-toscana-300x200.jpg 300w, https:\/\/www.elbacampinglido.it\/wp-content\/uploads\/2024\/02\/villaggio-mare-toscana-1024x683.jpg 1024w, https:\/\/www.elbacampinglido.it\/wp-content\/uploads\/2024\/02\/villaggio-mare-toscana-768x512.jpg 768w\" sizes=\"(max-width: 1200px) 100vw, 1200px\" \/><\/figure><\/div><div class=\"wpex-carousel-slide\"><figure class=\"wpex-carousel-entry-media entry-media\"><img width=\"1200\" height=\"800\" src=\"https:\/\/www.elbacampinglido.it\/wp-content\/uploads\/2024\/02\/isola-d-elba.jpg\" class=\"wpex-align-middle skip-lazy\" alt=\"\" data-no-lazy=\"1\" srcset=\"https:\/\/www.elbacampinglido.it\/wp-content\/uploads\/2024\/02\/isola-d-elba.jpg 1200w, https:\/\/www.elbacampinglido.it\/wp-content\/uploads\/2024\/02\/isola-d-elba-300x200.jpg 300w, https:\/\/www.elbacampinglido.it\/wp-content\/uploads\/2024\/02\/isola-d-elba-1024x683.jpg 1024w, https:\/\/www.elbacampinglido.it\/wp-content\/uploads\/2024\/02\/isola-d-elba-768x512.jpg 768w\" sizes=\"(max-width: 1200px) 100vw, 1200px\" \/><\/figure><\/div><div class=\"wpex-carousel-slide\"><figure class=\"wpex-carousel-entry-media entry-media\"><img width=\"900\" height=\"600\" src=\"https:\/\/www.elbacampinglido.it\/wp-content\/uploads\/2024\/03\/animazione-camping-lido.jpg\" class=\"wpex-align-middle skip-lazy\" alt=\"Camping Animazione Isola d&#039;Elba\" data-no-lazy=\"1\" srcset=\"https:\/\/www.elbacampinglido.it\/wp-content\/uploads\/2024\/03\/animazione-camping-lido.jpg 900w, https:\/\/www.elbacampinglido.it\/wp-content\/uploads\/2024\/03\/animazione-camping-lido-300x200.jpg 300w, https:\/\/www.elbacampinglido.it\/wp-content\/uploads\/2024\/03\/animazione-camping-lido-768x512.jpg 768w\" sizes=\"(max-width: 900px) 100vw, 900px\" \/><\/figure><\/div><div class=\"wpex-carousel-slide\"><figure class=\"wpex-carousel-entry-media entry-media\"><img width=\"1200\" height=\"800\" src=\"https:\/\/www.elbacampinglido.it\/wp-content\/uploads\/2024\/03\/carosello-footer-04.jpg\" class=\"wpex-align-middle skip-lazy\" alt=\"\" data-no-lazy=\"1\" srcset=\"https:\/\/www.elbacampinglido.it\/wp-content\/uploads\/2024\/03\/carosello-footer-04.jpg 1200w, https:\/\/www.elbacampinglido.it\/wp-content\/uploads\/2024\/03\/carosello-footer-04-300x200.jpg 300w, https:\/\/www.elbacampinglido.it\/wp-content\/uploads\/2024\/03\/carosello-footer-04-1024x683.jpg 1024w, https:\/\/www.elbacampinglido.it\/wp-content\/uploads\/2024\/03\/carosello-footer-04-768x512.jpg 768w\" sizes=\"(max-width: 1200px) 100vw, 1200px\" \/><\/figure><\/div><div class=\"wpex-carousel-slide\"><figure class=\"wpex-carousel-entry-media entry-media\"><img width=\"1200\" height=\"800\" src=\"https:\/\/www.elbacampinglido.it\/wp-content\/uploads\/2024\/03\/carosello-footer-07.jpg\" class=\"wpex-align-middle skip-lazy\" alt=\"\" data-no-lazy=\"1\" srcset=\"https:\/\/www.elbacampinglido.it\/wp-content\/uploads\/2024\/03\/carosello-footer-07.jpg 1200w, https:\/\/www.elbacampinglido.it\/wp-content\/uploads\/2024\/03\/carosello-footer-07-300x200.jpg 300w, https:\/\/www.elbacampinglido.it\/wp-content\/uploads\/2024\/03\/carosello-footer-07-1024x683.jpg 1024w, https:\/\/www.elbacampinglido.it\/wp-content\/uploads\/2024\/03\/carosello-footer-07-768x512.jpg 768w\" sizes=\"(max-width: 1200px) 100vw, 1200px\" \/><\/figure><\/div><div class=\"wpex-carousel-slide\"><figure class=\"wpex-carousel-entry-media entry-media\"><img width=\"1200\" height=\"800\" src=\"https:\/\/www.elbacampinglido.it\/wp-content\/uploads\/2024\/03\/carosello-footer-03.jpg\" class=\"wpex-align-middle skip-lazy\" alt=\"\" data-no-lazy=\"1\" srcset=\"https:\/\/www.elbacampinglido.it\/wp-content\/uploads\/2024\/03\/carosello-footer-03.jpg 1200w, https:\/\/www.elbacampinglido.it\/wp-content\/uploads\/2024\/03\/carosello-footer-03-300x200.jpg 300w, https:\/\/www.elbacampinglido.it\/wp-content\/uploads\/2024\/03\/carosello-footer-03-1024x683.jpg 1024w, https:\/\/www.elbacampinglido.it\/wp-content\/uploads\/2024\/03\/carosello-footer-03-768x512.jpg 768w\" sizes=\"(max-width: 1200px) 100vw, 1200px\" \/><\/figure><\/div><div class=\"wpex-carousel-slide\"><figure class=\"wpex-carousel-entry-media entry-media\"><img width=\"1200\" height=\"800\" src=\"https:\/\/www.elbacampinglido.it\/wp-content\/uploads\/2024\/03\/carosello-footer-05.jpg\" class=\"wpex-align-middle skip-lazy\" alt=\"\" data-no-lazy=\"1\" srcset=\"https:\/\/www.elbacampinglido.it\/wp-content\/uploads\/2024\/03\/carosello-footer-05.jpg 1200w, https:\/\/www.elbacampinglido.it\/wp-content\/uploads\/2024\/03\/carosello-footer-05-300x200.jpg 300w, https:\/\/www.elbacampinglido.it\/wp-content\/uploads\/2024\/03\/carosello-footer-05-1024x683.jpg 1024w, https:\/\/www.elbacampinglido.it\/wp-content\/uploads\/2024\/03\/carosello-footer-05-768x512.jpg 768w\" sizes=\"(max-width: 1200px) 100vw, 1200px\" \/><\/figure><\/div><\/div>[\/vc_column][\/vc_row]\n<\/div>","protected":false},"excerpt":{"rendered":"<p>[vc_row full_width=&#8221;stretch_row&#8221; content_placement=&#8221;middle&#8221; css=&#8221;.vc_custom_1744041603816{background-image: url(https:\/\/www.elbacampinglido.it\/wp-content\/uploads\/2025\/04\/voli-isola-d-elba.jpg?id=4560) !important;}&#8221; el_class=&#8221;min_height_pag_int&#8221; wpex_bg_position=&#8221;40 20&#8243;][vc_column width=&#8221;1\/4&#8243;][\/vc_column][vc_column width=&#8221;1\/2&#8243;][vc_column_text color=&#8221;#ffffff&#8221; el_class=&#8221;page-header-title&#8221;] Die Insel Elba ist schnell und einfach mit dem Flugzeug zu erreichen. [\/vc_column_text][\/vc_column][vc_column width=&#8221;1\/4&#8243;][\/vc_column][\/vc_row][vc_row content_placement=&#8221;middle&#8221; equal_height=&#8221;yes&#8221; el_class=&#8221;mtd120 mtm60&#8243; css=&#8221;.vc_custom_1706898862220{margin-bottom: 30px !important;}&#8221;][vc_column css_animation=&#8221;fadeInLeft&#8221; css=&#8221;.vc_custom_1707214290367{padding-top: 30px !important;padding-right: 30px !important;padding-left: 30px !important;background-position: center !important;background-repeat: no-repeat !important;background-size: contain !important;}&#8221; wpex_bg_position=&#8221;0% 0%&#8221; el_class=&#8221;mtm60&#8243;][vc_row_inner][vc_column_inner width=&#8221;1\/4&#8243;][vc_column_text font_size=&#8221;15px&#8221; text_transform=&#8221;uppercase&#8221; color=&#8221;#f9b233&#8243;&hellip;<\/p>\n","protected":false},"author":3,"featured_media":0,"parent":0,"menu_order":0,"comment_status":"closed","ping_status":"closed","template":"","meta":{"inline_featured_image":false,"footnotes":""},"class_list":["post-4567","page","type-page","status-publish","hentry","entry","no-media"],"_links":{"self":[{"href":"https:\/\/www.elbacampinglido.it\/de\/wp-json\/wp\/v2\/pages\/4567","targetHints":{"allow":["GET"]}}],"collection":[{"href":"https:\/\/www.elbacampinglido.it\/de\/wp-json\/wp\/v2\/pages"}],"about":[{"href":"https:\/\/www.elbacampinglido.it\/de\/wp-json\/wp\/v2\/types\/page"}],"author":[{"embeddable":true,"href":"https:\/\/www.elbacampinglido.it\/de\/wp-json\/wp\/v2\/users\/3"}],"replies":[{"embeddable":true,"href":"https:\/\/www.elbacampinglido.it\/de\/wp-json\/wp\/v2\/comments?post=4567"}],"version-history":[{"count":5,"href":"https:\/\/www.elbacampinglido.it\/de\/wp-json\/wp\/v2\/pages\/4567\/revisions"}],"predecessor-version":[{"id":4583,"href":"https:\/\/www.elbacampinglido.it\/de\/wp-json\/wp\/v2\/pages\/4567\/revisions\/4583"}],"wp:attachment":[{"href":"https:\/\/www.elbacampinglido.it\/de\/wp-json\/wp\/v2\/media?parent=4567"}],"curies":[{"name":"wp","href":"https:\/\/api.w.org\/{rel}","templated":true}]}}