{"id":3496,"date":"2024-08-09T07:56:25","date_gmt":"2024-08-09T05:56:25","guid":{"rendered":"https:\/\/www.elbacampinglido.it\/webcam-isola-elba\/"},"modified":"2024-08-09T08:25:22","modified_gmt":"2024-08-09T06:25:22","slug":"webcam-isola-elba","status":"publish","type":"page","link":"https:\/\/www.elbacampinglido.it\/fr\/webcam-isola-elba\/","title":{"rendered":"Webcam"},"content":{"rendered":"<div class=\"wpb-content-wrapper\">[vc_row full_width=&#8221;stretch_row&#8221; content_placement=&#8221;middle&#8221; css=&#8221;.vc_custom_1723183867361{background-image: url(https:\/\/www.elbacampinglido.it\/wp-content\/uploads\/2024\/03\/slider-home-lido-01-2.png?id=2444) !important;}&#8221; el_class=&#8221;min_height_pag_int&#8221; wpex_bg_position=&#8221;25% 75%&#8221;][vc_column width=&#8221;1\/4&#8243;][\/vc_column][vc_column width=&#8221;1\/2&#8243;][vc_column_text color=&#8221;#ffffff&#8221; el_class=&#8221;page-header-title&#8221;]\n<h1 style=\"text-align: center;\">Webcam<\/h1>\n[\/vc_column_text][\/vc_column][vc_column width=&#8221;1\/4&#8243;][\/vc_column][\/vc_row][vc_row content_placement=&#8221;middle&#8221; equal_height=&#8221;yes&#8221; el_class=&#8221;mtd120 mtm60&#8243; css=&#8221;.vc_custom_1706898862220{margin-bottom: 30px !important;}&#8221;][vc_column css_animation=&#8221;fadeInLeft&#8221; css=&#8221;.vc_custom_1707214290367{padding-top: 30px !important;padding-right: 30px !important;padding-left: 30px !important;background-position: center !important;background-repeat: no-repeat !important;background-size: contain !important;}&#8221; wpex_bg_position=&#8221;0% 0%&#8221; el_class=&#8221;mtm60&#8243;][vc_row_inner][vc_column_inner width=&#8221;3\/4&#8243;][vc_column_text font_size=&#8221;15px&#8221; text_transform=&#8221;uppercase&#8221; color=&#8221;#f9b233&#8243; letter_spacing=&#8221;wide&#8221; font_weight=&#8221;700&#8243;]Regardez notre webcam[\/vc_column_text][vc_column_text css=&#8221;.vc_custom_1723183165030{padding-top: 15px !important;}&#8221; color=&#8221;#4499b8&#8243;]\n<h2>La plage de l&#8217;\u00eele d&#8217;Elbe en temps r\u00e9el<\/h2>\n[\/vc_column_text][vc_column_text el_class=&#8221;mtd40 mtm30&#8243;]Vous r\u00eavez de vacances reposantes et amusantes ? Le camping Lido vous attend \u00e0 Capoliveri, directement sur la plage de sable. Admirez la beaut\u00e9 du Lido directement depuis votre \u00e9cran. Notre webcam vous permet de voir en direct la plage et la mer cristalline de l&#8217;\u00eele d&#8217;Elbe.[\/vc_column_text]<div class=\"vcex-spacing wpex-w-100 wpex-clear\"><\/div>[vc_btn title=&#8221;Cliquez ici pour voir la webcam&#8221; style=&#8221;flat&#8221; shape=&#8221;square&#8221; color=&#8221;primary&#8221; link=&#8221;url:http%3A%2F%2F5.133.98.251%3A8200|target:_blank&#8221;][\/vc_column_inner][vc_column_inner width=&#8221;1\/4&#8243;][vc_column_text css=&#8221;.vc_custom_1707236227385{padding-top: 15px !important;}&#8221; color=&#8221;#4499b8&#8243;]\n[\/vc_column_text]<div class=\"vcex-spacing wpex-w-100 wpex-clear\"><\/div>[vc_column_text]\n<hr class=\"blu\">\n[\/vc_column_text][\/vc_column_inner][\/vc_row_inner][\/vc_column][\/vc_row][vc_row full_width=&#8221;stretch_row_content_no_spaces&#8221; content_placement=&#8221;middle&#8221; css=&#8221;.vc_custom_1706781036946{background-position: center !important;background-repeat: no-repeat !important;background-size: cover !important;}&#8221; wpex_bg_overlay_blend=&#8221;lighten&#8221;][vc_column]<style> style=\"height:50px;\"<\/style><div class=\"vcex-spacing wpex-w-100 wpex-clear\" style=\"height:50px;\"><\/div><style class=\"vcex-carousel-preload-css\">.vcex_6a031eb30fe63{--wpex-carousel-gap:0px;}.vcex_6a031eb30fe63{--wpex-carousel-columns:1;}.vcex_6a031eb30fe63.wpex-carousel:not(.owl-loaded) > *:not(:nth-child(1n+2)) {display: flex !important;}@media only screen and (min-width: 480px) {.vcex_6a031eb30fe63{--wpex-carousel-columns:2;}.vcex_6a031eb30fe63.wpex-carousel:not(.owl-loaded) > *:not(:nth-child(1n+3)) {display: flex !important;}}@media only screen and (min-width: 768px) {.vcex_6a031eb30fe63{--wpex-carousel-columns:3;}.vcex_6a031eb30fe63.wpex-carousel:not(.owl-loaded) > *:not(:nth-child(1n+4)) {display: flex !important;}}@media only screen and (min-width: 960px) {.vcex_6a031eb30fe63{--wpex-carousel-columns:4;}.vcex_6a031eb30fe63.wpex-carousel:not(.owl-loaded) > *:not(:nth-child(1n+5)) {display: flex !important;}}<\/style><div class=\"vcex-module wpex-carousel wpex-carousel-images wpex-clr owl-carousel wpex-carousel--render-onload vcex_6a031eb30fe63 arrwstyle-min arrwpos-right\" data-wpex-carousel=\"{&quot;autoplay&quot;:&quot;true&quot;,&quot;margin&quot;:0,&quot;responsive&quot;:{&quot;0&quot;:{&quot;items&quot;:&quot;1&quot;},&quot;480&quot;:{&quot;items&quot;:&quot;2&quot;},&quot;768&quot;:{&quot;items&quot;:&quot;3&quot;},&quot;960&quot;:{&quot;items&quot;:&quot;4&quot;}}}\"><div class=\"wpex-carousel-slide\"><figure class=\"wpex-carousel-entry-media entry-media\"><img width=\"900\" height=\"600\" src=\"https:\/\/www.elbacampinglido.it\/wp-content\/uploads\/2024\/03\/spiaggia-lido-di-capoliveri-06.jpg\" class=\"wpex-align-middle skip-lazy\" alt=\"Spiaggia Lido Capoliveri\" data-no-lazy=\"1\" srcset=\"https:\/\/www.elbacampinglido.it\/wp-content\/uploads\/2024\/03\/spiaggia-lido-di-capoliveri-06.jpg 900w, https:\/\/www.elbacampinglido.it\/wp-content\/uploads\/2024\/03\/spiaggia-lido-di-capoliveri-06-300x200.jpg 300w, https:\/\/www.elbacampinglido.it\/wp-content\/uploads\/2024\/03\/spiaggia-lido-di-capoliveri-06-768x512.jpg 768w\" sizes=\"(max-width: 900px) 100vw, 900px\" \/><\/figure><\/div><div class=\"wpex-carousel-slide\"><figure class=\"wpex-carousel-entry-media entry-media\"><img width=\"1200\" height=\"800\" src=\"https:\/\/www.elbacampinglido.it\/wp-content\/uploads\/2024\/03\/carosello-footer-01.jpg\" class=\"wpex-align-middle skip-lazy\" alt=\"\" data-no-lazy=\"1\" srcset=\"https:\/\/www.elbacampinglido.it\/wp-content\/uploads\/2024\/03\/carosello-footer-01.jpg 1200w, https:\/\/www.elbacampinglido.it\/wp-content\/uploads\/2024\/03\/carosello-footer-01-300x200.jpg 300w, https:\/\/www.elbacampinglido.it\/wp-content\/uploads\/2024\/03\/carosello-footer-01-1024x683.jpg 1024w, https:\/\/www.elbacampinglido.it\/wp-content\/uploads\/2024\/03\/carosello-footer-01-768x512.jpg 768w\" sizes=\"(max-width: 1200px) 100vw, 1200px\" \/><\/figure><\/div><div class=\"wpex-carousel-slide\"><figure class=\"wpex-carousel-entry-media entry-media\"><img width=\"1200\" height=\"800\" src=\"https:\/\/www.elbacampinglido.it\/wp-content\/uploads\/2024\/03\/carosello-footer-02.jpg\" class=\"wpex-align-middle skip-lazy\" alt=\"\" data-no-lazy=\"1\" srcset=\"https:\/\/www.elbacampinglido.it\/wp-content\/uploads\/2024\/03\/carosello-footer-02.jpg 1200w, https:\/\/www.elbacampinglido.it\/wp-content\/uploads\/2024\/03\/carosello-footer-02-300x200.jpg 300w, https:\/\/www.elbacampinglido.it\/wp-content\/uploads\/2024\/03\/carosello-footer-02-1024x683.jpg 1024w, https:\/\/www.elbacampinglido.it\/wp-content\/uploads\/2024\/03\/carosello-footer-02-768x512.jpg 768w\" sizes=\"(max-width: 1200px) 100vw, 1200px\" \/><\/figure><\/div><div class=\"wpex-carousel-slide\"><figure class=\"wpex-carousel-entry-media entry-media\"><img width=\"1200\" height=\"800\" src=\"https:\/\/www.elbacampinglido.it\/wp-content\/uploads\/2024\/02\/villaggio-mare-toscana.jpg\" class=\"wpex-align-middle skip-lazy\" alt=\"villaggio-mare-toscana\" data-no-lazy=\"1\" srcset=\"https:\/\/www.elbacampinglido.it\/wp-content\/uploads\/2024\/02\/villaggio-mare-toscana.jpg 1200w, https:\/\/www.elbacampinglido.it\/wp-content\/uploads\/2024\/02\/villaggio-mare-toscana-300x200.jpg 300w, https:\/\/www.elbacampinglido.it\/wp-content\/uploads\/2024\/02\/villaggio-mare-toscana-1024x683.jpg 1024w, https:\/\/www.elbacampinglido.it\/wp-content\/uploads\/2024\/02\/villaggio-mare-toscana-768x512.jpg 768w\" sizes=\"(max-width: 1200px) 100vw, 1200px\" \/><\/figure><\/div><div class=\"wpex-carousel-slide\"><figure class=\"wpex-carousel-entry-media entry-media\"><img width=\"900\" height=\"600\" src=\"https:\/\/www.elbacampinglido.it\/wp-content\/uploads\/2024\/03\/camping-lido-05.jpg\" class=\"wpex-align-middle skip-lazy\" alt=\"\" data-no-lazy=\"1\" srcset=\"https:\/\/www.elbacampinglido.it\/wp-content\/uploads\/2024\/03\/camping-lido-05.jpg 900w, https:\/\/www.elbacampinglido.it\/wp-content\/uploads\/2024\/03\/camping-lido-05-300x200.jpg 300w, https:\/\/www.elbacampinglido.it\/wp-content\/uploads\/2024\/03\/camping-lido-05-768x512.jpg 768w\" sizes=\"(max-width: 900px) 100vw, 900px\" \/><\/figure><\/div><div class=\"wpex-carousel-slide\"><figure class=\"wpex-carousel-entry-media entry-media\"><img width=\"900\" height=\"600\" src=\"https:\/\/www.elbacampinglido.it\/wp-content\/uploads\/2024\/03\/spiaggia-lido-di-capoliveri-08.jpg\" class=\"wpex-align-middle skip-lazy\" alt=\"Spiaggia Lido Capoliveri\" data-no-lazy=\"1\" srcset=\"https:\/\/www.elbacampinglido.it\/wp-content\/uploads\/2024\/03\/spiaggia-lido-di-capoliveri-08.jpg 900w, https:\/\/www.elbacampinglido.it\/wp-content\/uploads\/2024\/03\/spiaggia-lido-di-capoliveri-08-300x200.jpg 300w, https:\/\/www.elbacampinglido.it\/wp-content\/uploads\/2024\/03\/spiaggia-lido-di-capoliveri-08-768x512.jpg 768w\" sizes=\"(max-width: 900px) 100vw, 900px\" \/><\/figure><\/div><div class=\"wpex-carousel-slide\"><figure class=\"wpex-carousel-entry-media entry-media\"><img width=\"1200\" height=\"800\" src=\"https:\/\/www.elbacampinglido.it\/wp-content\/uploads\/2024\/02\/isola-d-elba.jpg\" class=\"wpex-align-middle skip-lazy\" alt=\"\" data-no-lazy=\"1\" srcset=\"https:\/\/www.elbacampinglido.it\/wp-content\/uploads\/2024\/02\/isola-d-elba.jpg 1200w, https:\/\/www.elbacampinglido.it\/wp-content\/uploads\/2024\/02\/isola-d-elba-300x200.jpg 300w, https:\/\/www.elbacampinglido.it\/wp-content\/uploads\/2024\/02\/isola-d-elba-1024x683.jpg 1024w, https:\/\/www.elbacampinglido.it\/wp-content\/uploads\/2024\/02\/isola-d-elba-768x512.jpg 768w\" sizes=\"(max-width: 1200px) 100vw, 1200px\" \/><\/figure><\/div><div class=\"wpex-carousel-slide\"><figure class=\"wpex-carousel-entry-media entry-media\"><img width=\"1200\" height=\"800\" src=\"https:\/\/www.elbacampinglido.it\/wp-content\/uploads\/2024\/03\/carosello-footer-07.jpg\" class=\"wpex-align-middle skip-lazy\" alt=\"\" data-no-lazy=\"1\" srcset=\"https:\/\/www.elbacampinglido.it\/wp-content\/uploads\/2024\/03\/carosello-footer-07.jpg 1200w, https:\/\/www.elbacampinglido.it\/wp-content\/uploads\/2024\/03\/carosello-footer-07-300x200.jpg 300w, https:\/\/www.elbacampinglido.it\/wp-content\/uploads\/2024\/03\/carosello-footer-07-1024x683.jpg 1024w, https:\/\/www.elbacampinglido.it\/wp-content\/uploads\/2024\/03\/carosello-footer-07-768x512.jpg 768w\" sizes=\"(max-width: 1200px) 100vw, 1200px\" \/><\/figure><\/div><div class=\"wpex-carousel-slide\"><figure class=\"wpex-carousel-entry-media entry-media\"><img width=\"900\" height=\"600\" src=\"https:\/\/www.elbacampinglido.it\/wp-content\/uploads\/2024\/03\/piazzole-01.jpg\" class=\"wpex-align-middle skip-lazy\" alt=\"\" data-no-lazy=\"1\" srcset=\"https:\/\/www.elbacampinglido.it\/wp-content\/uploads\/2024\/03\/piazzole-01.jpg 900w, https:\/\/www.elbacampinglido.it\/wp-content\/uploads\/2024\/03\/piazzole-01-300x200.jpg 300w, https:\/\/www.elbacampinglido.it\/wp-content\/uploads\/2024\/03\/piazzole-01-768x512.jpg 768w\" sizes=\"(max-width: 900px) 100vw, 900px\" \/><\/figure><\/div><div class=\"wpex-carousel-slide\"><figure class=\"wpex-carousel-entry-media entry-media\"><img width=\"1920\" height=\"1357\" src=\"https:\/\/www.elbacampinglido.it\/wp-content\/uploads\/2024\/03\/sfondo-mare-elba.jpg\" class=\"wpex-align-middle skip-lazy\" alt=\"Mare Isola d&#039;Elba\" data-no-lazy=\"1\" srcset=\"https:\/\/www.elbacampinglido.it\/wp-content\/uploads\/2024\/03\/sfondo-mare-elba.jpg 1920w, https:\/\/www.elbacampinglido.it\/wp-content\/uploads\/2024\/03\/sfondo-mare-elba-300x212.jpg 300w, https:\/\/www.elbacampinglido.it\/wp-content\/uploads\/2024\/03\/sfondo-mare-elba-1024x724.jpg 1024w, https:\/\/www.elbacampinglido.it\/wp-content\/uploads\/2024\/03\/sfondo-mare-elba-768x543.jpg 768w, https:\/\/www.elbacampinglido.it\/wp-content\/uploads\/2024\/03\/sfondo-mare-elba-1536x1086.jpg 1536w\" sizes=\"(max-width: 1920px) 100vw, 1920px\" \/><\/figure><\/div><\/div>[\/vc_column][\/vc_row]\n<\/div>","protected":false},"excerpt":{"rendered":"<p>[vc_row full_width=&#8221;stretch_row&#8221; content_placement=&#8221;middle&#8221; css=&#8221;.vc_custom_1723183867361{background-image: url(https:\/\/www.elbacampinglido.it\/wp-content\/uploads\/2024\/03\/slider-home-lido-01-2.png?id=2444) !important;}&#8221; el_class=&#8221;min_height_pag_int&#8221; wpex_bg_position=&#8221;25% 75%&#8221;][vc_column width=&#8221;1\/4&#8243;][\/vc_column][vc_column width=&#8221;1\/2&#8243;][vc_column_text color=&#8221;#ffffff&#8221; el_class=&#8221;page-header-title&#8221;] Webcam [\/vc_column_text][\/vc_column][vc_column width=&#8221;1\/4&#8243;][\/vc_column][\/vc_row][vc_row content_placement=&#8221;middle&#8221; equal_height=&#8221;yes&#8221; el_class=&#8221;mtd120 mtm60&#8243; css=&#8221;.vc_custom_1706898862220{margin-bottom: 30px !important;}&#8221;][vc_column css_animation=&#8221;fadeInLeft&#8221; css=&#8221;.vc_custom_1707214290367{padding-top: 30px !important;padding-right: 30px !important;padding-left: 30px !important;background-position: center !important;background-repeat: no-repeat !important;background-size: contain !important;}&#8221; wpex_bg_position=&#8221;0% 0%&#8221; el_class=&#8221;mtm60&#8243;][vc_row_inner][vc_column_inner width=&#8221;3\/4&#8243;][vc_column_text font_size=&#8221;15px&#8221; text_transform=&#8221;uppercase&#8221; color=&#8221;#f9b233&#8243; letter_spacing=&#8221;wide&#8221; font_weight=&#8221;700&#8243;]Regardez notre webcam[\/vc_column_text][vc_column_text css=&#8221;.vc_custom_1723183165030{padding-top: 15px !important;}&#8221; color=&#8221;#4499b8&#8243;] La plage de&hellip;<\/p>\n","protected":false},"author":3,"featured_media":0,"parent":0,"menu_order":0,"comment_status":"closed","ping_status":"closed","template":"","meta":{"inline_featured_image":false,"footnotes":""},"class_list":["post-3496","page","type-page","status-publish","hentry","entry","no-media"],"_links":{"self":[{"href":"https:\/\/www.elbacampinglido.it\/fr\/wp-json\/wp\/v2\/pages\/3496","targetHints":{"allow":["GET"]}}],"collection":[{"href":"https:\/\/www.elbacampinglido.it\/fr\/wp-json\/wp\/v2\/pages"}],"about":[{"href":"https:\/\/www.elbacampinglido.it\/fr\/wp-json\/wp\/v2\/types\/page"}],"author":[{"embeddable":true,"href":"https:\/\/www.elbacampinglido.it\/fr\/wp-json\/wp\/v2\/users\/3"}],"replies":[{"embeddable":true,"href":"https:\/\/www.elbacampinglido.it\/fr\/wp-json\/wp\/v2\/comments?post=3496"}],"version-history":[{"count":5,"href":"https:\/\/www.elbacampinglido.it\/fr\/wp-json\/wp\/v2\/pages\/3496\/revisions"}],"predecessor-version":[{"id":3511,"href":"https:\/\/www.elbacampinglido.it\/fr\/wp-json\/wp\/v2\/pages\/3496\/revisions\/3511"}],"wp:attachment":[{"href":"https:\/\/www.elbacampinglido.it\/fr\/wp-json\/wp\/v2\/media?parent=3496"}],"curies":[{"name":"wp","href":"https:\/\/api.w.org\/{rel}","templated":true}]}}